{"id":7488,"date":"2023-05-21T09:53:43","date_gmt":"2023-05-21T07:53:43","guid":{"rendered":"https:\/\/www.expatman.us\/?page_id=7488"},"modified":"2023-05-21T13:14:39","modified_gmt":"2023-05-21T11:14:39","slug":"demande","status":"publish","type":"page","link":"https:\/\/www.expatman.uk\/zh\/\u8981\u6c42\/","title":{"rendered":"\u7533\u8bf7\u8868"},"content":{"rendered":"<div data-elementor-type=\"wp-page\" data-elementor-id=\"7488\" class=\"elementor elementor-7488\">\n\t\t\t\t\t\t<section class=\"elementor-section elementor-top-section elementor-element elementor-element-3bc149de cmt-column-break-ipad-no cmt-col-stretched-none elementor-section-boxed elementor-section-height-default elementor-section-height-default\" data-id=\"3bc149de\" data-element_type=\"section\" data-settings=\"{&quot;background_background&quot;:&quot;classic&quot;,&quot;ekit_has_onepagescroll_dot&quot;:&quot;yes&quot;}\">\n\t\t\t\t\t\t<div class=\"elementor-container elementor-column-gap-default\">\n\t\t\t\t\t<div class=\"elementor-column elementor-col-100 elementor-top-column elementor-element elementor-element-61775034\" data-id=\"61775034\" data-element_type=\"column\">\n\t\t\t<div class=\"elementor-widget-wrap elementor-element-populated\">\n\t\t\t\t\t\t<div class=\"elementor-element elementor-element-348ec1f elementor-widget elementor-widget-elementskit-heading\" data-id=\"348ec1f\" data-element_type=\"widget\" data-settings=\"{&quot;ekit_we_effect_on&quot;:&quot;none&quot;}\" data-widget_type=\"elementskit-heading.default\">\n\t\t\t\t<div class=\"elementor-widget-container\">\n\t\t\t\t\t<div class=\"ekit-wid-con\" ><div class=\"ekit-heading elementskit-section-title-wraper text_center   ekit_heading_tablet-   ekit_heading_mobile-\">\t\t\t\t<span class='ekit-heading__shadow-text'>\n\t\t\t\t\t\u548c\u5b8c\u6574\u7684\t\t\t\t<\/span>\n\t\t\t<h2 class=\"ekit-heading--title elementskit-section-title text_fill\"><span><span>\u9009\u62e9<\/span><\/span><\/h2><\/div><\/div>\t\t\t\t<\/div>\n\t\t\t\t<\/div>\n\t\t\t\t<section class=\"elementor-section elementor-inner-section elementor-element elementor-element-d35b985 cmt-column-break-ipad-no cmt-col-stretched-none elementor-section-boxed elementor-section-height-default elementor-section-height-default\" data-id=\"d35b985\" data-element_type=\"section\" data-settings=\"{&quot;ekit_has_onepagescroll_dot&quot;:&quot;yes&quot;}\">\n\t\t\t\t\t\t<div class=\"elementor-container elementor-column-gap-default\">\n\t\t\t\t\t<div class=\"elementor-column elementor-col-33 elementor-inner-column elementor-element elementor-element-6ac7b9d7\" data-id=\"6ac7b9d7\" data-element_type=\"column\">\n\t\t\t<div class=\"elementor-widget-wrap elementor-element-populated\">\n\t\t\t\t\t\t<div class=\"elementor-element elementor-element-6a5ecdaf ekit-equal-height-disable elementor-widget elementor-widget-elementskit-icon-box\" data-id=\"6a5ecdaf\" data-element_type=\"widget\" data-settings=\"{&quot;ekit_we_effect_on&quot;:&quot;none&quot;}\" data-widget_type=\"elementskit-icon-box.default\">\n\t\t\t\t<div class=\"elementor-widget-container\">\n\t\t\t\t\t<div class=\"ekit-wid-con\" >        <!-- link opening -->\n                <a href=\"https:\/\/uz8afbgilo.preview.infomaniak.website\/carte-de-travail\/\" class=\"ekit_global_links\">\n                <!-- end link opening -->\n\n        <div class=\"elementskit-infobox text-left text-left icon-lef-right-aligin elementor-animation- media\">\n                    <div class=\"elementskit-box-header elementor-animation-\">\n                <div class=\"elementskit-info-box-icon  text-center\">\n                    <i aria-hidden=\"true\" class=\"elementkit-infobox-icon icon icon-document\"><\/i>\n                <\/div>\n          <\/div>\n                        <div class=\"box-body\">\n                            <h3 class=\"elementskit-info-box-title\">\n                    \u5de5\u4f5c\u8bb8\u53ef\u8bc1\u7533\u8bf7\u8868                <\/h3>\n                        \t\t  <p>\u5bf9\u96c7\u5458\u800c\u8a00<\/p>\n                                <\/div>\n        \n        \n                <\/div>\n                <\/a>\n        <\/div>\t\t\t\t<\/div>\n\t\t\t\t<\/div>\n\t\t\t\t<div class=\"elementor-element elementor-element-257cf546 ekit-equal-height-disable elementor-widget elementor-widget-elementskit-icon-box\" data-id=\"257cf546\" data-element_type=\"widget\" data-settings=\"{&quot;ekit_we_effect_on&quot;:&quot;none&quot;}\" data-widget_type=\"elementskit-icon-box.default\">\n\t\t\t\t<div class=\"elementor-widget-container\">\n\t\t\t\t\t<div class=\"ekit-wid-con\" >        <!-- link opening -->\n                <a href=\"#\" class=\"ekit_global_links\">\n                <!-- end link opening -->\n\n        <div class=\"elementskit-infobox text-left text-left icon-lef-right-aligin elementor-animation- media\">\n                    <div class=\"elementskit-box-header elementor-animation-\">\n                <div class=\"elementskit-info-box-icon  text-center\">\n                    <i aria-hidden=\"true\" class=\"elementkit-infobox-icon fas fa-passport\"><\/i>\n                <\/div>\n          <\/div>\n                        <div class=\"box-body\">\n                            <h3 class=\"elementskit-info-box-title\">\n                    \u7b7e\u8bc1\u7533\u8bf7\u8868\u683c                 <\/h3>\n                        \t\t  <p>\u5bf9\u4e8e\u79ef\u6781\u7684\u5408\u4f5c\u4f19\u4f34<\/p>\n                                <\/div>\n        \n        \n                <\/div>\n                <\/a>\n        <\/div>\t\t\t\t<\/div>\n\t\t\t\t<\/div>\n\t\t\t\t\t<\/div>\n\t\t<\/div>\n\t\t\t\t<div class=\"elementor-column elementor-col-33 elementor-inner-column elementor-element elementor-element-758249d6\" data-id=\"758249d6\" data-element_type=\"column\">\n\t\t\t<div class=\"elementor-widget-wrap elementor-element-populated\">\n\t\t\t\t\t\t<div class=\"elementor-element elementor-element-1846ed0f ekit-equal-height-disable elementor-widget elementor-widget-elementskit-icon-box\" data-id=\"1846ed0f\" data-element_type=\"widget\" data-settings=\"{&quot;ekit_we_effect_on&quot;:&quot;none&quot;}\" data-widget_type=\"elementskit-icon-box.default\">\n\t\t\t\t<div class=\"elementor-widget-container\">\n\t\t\t\t\t<div class=\"ekit-wid-con\" >        <!-- link opening -->\n                <a href=\"#\" class=\"ekit_global_links\">\n                <!-- end link opening -->\n\n        <div class=\"elementskit-infobox text-left text-left icon-lef-right-aligin elementor-animation- media\">\n                    <div class=\"elementskit-box-header elementor-animation-\">\n                <div class=\"elementskit-info-box-icon  text-center\">\n                    <i aria-hidden=\"true\" class=\"elementkit-infobox-icon fas fa-passport\"><\/i>\n                <\/div>\n          <\/div>\n                        <div class=\"box-body\">\n                            <h3 class=\"elementskit-info-box-title\">\n                    \u7b7e\u8bc1\u7533\u8bf7\u8868\u683c                 <\/h3>\n                        \t\t  <p>\u9488\u5bf9\u4e1a\u4e3b<\/p>\n                                <\/div>\n        \n        \n                <\/div>\n                <\/a>\n        <\/div>\t\t\t\t<\/div>\n\t\t\t\t<\/div>\n\t\t\t\t<div class=\"elementor-element elementor-element-66adc46 ekit-equal-height-disable elementor-widget elementor-widget-elementskit-icon-box\" data-id=\"66adc46\" data-element_type=\"widget\" data-settings=\"{&quot;ekit_we_effect_on&quot;:&quot;none&quot;}\" data-widget_type=\"elementskit-icon-box.default\">\n\t\t\t\t<div class=\"elementor-widget-container\">\n\t\t\t\t\t<div class=\"ekit-wid-con\" >        <!-- link opening -->\n                <a href=\"#\" class=\"ekit_global_links\">\n                <!-- end link opening -->\n\n        <div class=\"elementskit-infobox text-left text-left icon-lef-right-aligin elementor-animation- media\">\n                    <div class=\"elementskit-box-header elementor-animation-\">\n                <div class=\"elementskit-info-box-icon  text-center\">\n                    <i aria-hidden=\"true\" class=\"elementkit-infobox-icon fas fa-passport\"><\/i>\n                <\/div>\n          <\/div>\n                        <div class=\"box-body\">\n                            <h3 class=\"elementskit-info-box-title\">\n                    \u7b7e\u8bc1\u7533\u8bf7\u8868\u683c                 <\/h3>\n                        \t\t  <p>\u987e\u95ee<\/p>\n                                <\/div>\n        \n        \n                <\/div>\n                <\/a>\n        <\/div>\t\t\t\t<\/div>\n\t\t\t\t<\/div>\n\t\t\t\t\t<\/div>\n\t\t<\/div>\n\t\t\t\t<div class=\"elementor-column elementor-col-33 elementor-inner-column elementor-element elementor-element-6d239600\" data-id=\"6d239600\" data-element_type=\"column\">\n\t\t\t<div class=\"elementor-widget-wrap elementor-element-populated\">\n\t\t\t\t\t\t<div class=\"elementor-element elementor-element-2918de30 ekit-equal-height-disable elementor-widget elementor-widget-elementskit-icon-box\" data-id=\"2918de30\" data-element_type=\"widget\" data-settings=\"{&quot;ekit_we_effect_on&quot;:&quot;none&quot;}\" data-widget_type=\"elementskit-icon-box.default\">\n\t\t\t\t<div class=\"elementor-widget-container\">\n\t\t\t\t\t<div class=\"ekit-wid-con\" >        <!-- link opening -->\n                <!-- end link opening -->\n\n        <div class=\"elementskit-infobox text-left text-left icon-lef-right-aligin elementor-animation- media\">\n                    <div class=\"elementskit-box-header elementor-animation-\">\n                <div class=\"elementskit-info-box-icon  text-center\">\n                    <i aria-hidden=\"true\" class=\"elementkit-infobox-icon fas fa-passport\"><\/i>\n                <\/div>\n          <\/div>\n                        <div class=\"box-body\">\n                            <h3 class=\"elementskit-info-box-title\">\n                    \u7b7e\u8bc1\u7533\u8bf7\u8868\u683c                 <\/h3>\n                                            <\/div>\n        \n        \n                <\/div>\n        <\/div>\t\t\t\t<\/div>\n\t\t\t\t<\/div>\n\t\t\t\t<div class=\"elementor-element elementor-element-3be1bacb ekit-equal-height-disable elementor-widget elementor-widget-elementskit-icon-box\" data-id=\"3be1bacb\" data-element_type=\"widget\" data-settings=\"{&quot;ekit_we_effect_on&quot;:&quot;none&quot;}\" data-widget_type=\"elementskit-icon-box.default\">\n\t\t\t\t<div class=\"elementor-widget-container\">\n\t\t\t\t\t<div class=\"ekit-wid-con\" >        <!-- link opening -->\n                <!-- end link opening -->\n\n        <div class=\"elementskit-infobox text-left text-left icon-lef-right-aligin elementor-animation- media\">\n                    <div class=\"elementskit-box-header elementor-animation-\">\n                <div class=\"elementskit-info-box-icon  text-center\">\n                    <i aria-hidden=\"true\" class=\"elementkit-infobox-icon fas fa-passport\"><\/i>\n                <\/div>\n          <\/div>\n                        <div class=\"box-body\">\n                            <h3 class=\"elementskit-info-box-title\">\n                    \u7b7e\u8bc1\u7533\u8bf7\u8868\u683c                 <\/h3>\n                                            <\/div>\n        \n        \n                <\/div>\n        <\/div>\t\t\t\t<\/div>\n\t\t\t\t<\/div>\n\t\t\t\t\t<\/div>\n\t\t<\/div>\n\t\t\t\t\t<\/div>\n\t\t<\/section>\n\t\t\t\t\t<\/div>\n\t\t<\/div>\n\t\t\t\t\t<\/div>\n\t\t<\/section>\n\t\t\t\t<\/div>","protected":false},"excerpt":{"rendered":"<p>ET REMPLIR CHOISIR Formulaire demande carte de travail Pour l&#8217;employ\u00e9 Formulaire de demande de Visa Pour associ\u00e9 actif Formulaire de demande de Visa Pour propri\u00e9taire \u00e9tablissement Formulaire de demande de Visa Pour consultant Formulaire de demande de Visa Formulaire de demande de Visa<\/p>","protected":false},"author":1,"featured_media":0,"parent":0,"menu_order":0,"comment_status":"closed","ping_status":"closed","template":"","meta":{"footnotes":""},"class_list":["post-7488","page","type-page","status-publish","hentry"],"yoast_head":"<!-- This site is optimized with the Yoast SEO plugin v24.1 - https:\/\/yoast.com\/wordpress\/plugins\/seo\/ -->\n<title>Formulaires de demande<\/title>\n<meta name=\"description\" content=\"Expatman est une plateforme cr\u00e9\u00e9e pour aider les ressortissants \u00e9trangers souhaitant venir en RDC \u00e0 des fins de travail \u00e0 obtenir des perm...\" \/>\n<meta name=\"robots\" content=\"index, follow, max-snippet:-1, max-image-preview:large, max-video-preview:-1\" \/>\n<link rel=\"canonical\" href=\"https:\/\/www.expatman.uk\/zh\/request\/\" \/>\n<meta property=\"og:locale\" content=\"zh_CN\" \/>\n<meta property=\"og:type\" content=\"article\" \/>\n<meta property=\"og:title\" content=\"Formulaires de demande\" \/>\n<meta property=\"og:description\" content=\"Expatman est une plateforme cr\u00e9\u00e9e pour aider les ressortissants \u00e9trangers souhaitant venir en RDC \u00e0 des fins de travail \u00e0 obtenir des perm...\" \/>\n<meta property=\"og:url\" content=\"https:\/\/www.expatman.uk\/zh\/request\/\" \/>\n<meta property=\"og:site_name\" content=\"Expatman - Site Web Officiel\" \/>\n<meta property=\"article:publisher\" content=\"https:\/\/web.facebook.com\/expatmancd\" \/>\n<meta property=\"article:modified_time\" content=\"2023-05-21T11:14:39+00:00\" \/>\n<meta name=\"twitter:card\" content=\"summary_large_image\" \/>\n<meta name=\"twitter:site\" content=\"@Expatmancd\" \/>\n<meta name=\"twitter:label1\" content=\"\u9884\u8ba1\u9605\u8bfb\u65f6\u95f4\" \/>\n\t<meta name=\"twitter:data1\" content=\"1 \u5206\" \/>\n<script type=\"application\/ld+json\" class=\"yoast-schema-graph\">{\"@context\":\"https:\/\/schema.org\",\"@graph\":[{\"@type\":\"WebPage\",\"@id\":\"https:\/\/www.expatman.uk\/en\/request\/\",\"url\":\"https:\/\/www.expatman.uk\/en\/request\/\",\"name\":\"Formulaires de demande\",\"isPartOf\":{\"@id\":\"https:\/\/www.expatman.uk\/#website\"},\"datePublished\":\"2023-05-21T07:53:43+00:00\",\"dateModified\":\"2023-05-21T11:14:39+00:00\",\"description\":\"Expatman est une plateforme cr\u00e9\u00e9e pour aider les ressortissants \u00e9trangers souhaitant venir en RDC \u00e0 des fins de travail \u00e0 obtenir des perm...\",\"breadcrumb\":{\"@id\":\"https:\/\/www.expatman.uk\/en\/request\/#breadcrumb\"},\"inLanguage\":\"zh-Hans\",\"potentialAction\":[{\"@type\":\"ReadAction\",\"target\":[\"https:\/\/www.expatman.uk\/en\/request\/\"]}]},{\"@type\":\"BreadcrumbList\",\"@id\":\"https:\/\/www.expatman.uk\/en\/request\/#breadcrumb\",\"itemListElement\":[{\"@type\":\"ListItem\",\"position\":1,\"name\":\"Accueil\",\"item\":\"https:\/\/www.expatman.uk\/\"},{\"@type\":\"ListItem\",\"position\":2,\"name\":\"Formulaires de demande\"}]},{\"@type\":\"WebSite\",\"@id\":\"https:\/\/www.expatman.uk\/#website\",\"url\":\"https:\/\/www.expatman.uk\/\",\"name\":\"Expatman - Site Web Officiel\",\"description\":\"Pr\u00e9cision, Honn\u00eatet\u00e9 et Rapidit\u00e9\",\"publisher\":{\"@id\":\"https:\/\/www.expatman.uk\/#organization\"},\"potentialAction\":[{\"@type\":\"SearchAction\",\"target\":{\"@type\":\"EntryPoint\",\"urlTemplate\":\"https:\/\/www.expatman.uk\/?s={search_term_string}\"},\"query-input\":{\"@type\":\"PropertyValueSpecification\",\"valueRequired\":true,\"valueName\":\"search_term_string\"}}],\"inLanguage\":\"zh-Hans\"},{\"@type\":\"Organization\",\"@id\":\"https:\/\/www.expatman.uk\/#organization\",\"name\":\"EXPATMAN - Site Web Officiel\",\"url\":\"https:\/\/www.expatman.uk\/\",\"logo\":{\"@type\":\"ImageObject\",\"inLanguage\":\"zh-Hans\",\"@id\":\"https:\/\/www.expatman.uk\/#\/schema\/logo\/image\/\",\"url\":\"https:\/\/uz8afbgilo.preview.infomaniak.website\/wp-content\/uploads\/2022\/03\/logo-light-final-expatman-01.png\",\"contentUrl\":\"https:\/\/uz8afbgilo.preview.infomaniak.website\/wp-content\/uploads\/2022\/03\/logo-light-final-expatman-01.png\",\"width\":550,\"height\":175,\"caption\":\"EXPATMAN - Site Web Officiel\"},\"image\":{\"@id\":\"https:\/\/www.expatman.uk\/#\/schema\/logo\/image\/\"},\"sameAs\":[\"https:\/\/web.facebook.com\/expatmancd\",\"https:\/\/x.com\/Expatmancd\",\"https:\/\/www.instagram.com\/expatmancd\/\",\"https:\/\/www.linkedin.com\/in\/expatmancd\/\",\"https:\/\/www.youtube.com\/channel\/UCfZ_b5b4YciCbmlS_5MBE0A\"]}]}<\/script>\n<!-- \/ Yoast SEO plugin. -->","yoast_head_json":{"title":"Formulaires de demande","description":"Expatman est une plateforme cr\u00e9\u00e9e pour aider les ressortissants \u00e9trangers souhaitant venir en RDC \u00e0 des fins de travail \u00e0 obtenir des perm...","robots":{"index":"index","follow":"follow","max-snippet":"max-snippet:-1","max-image-preview":"max-image-preview:large","max-video-preview":"max-video-preview:-1"},"canonical":"https:\/\/www.expatman.uk\/zh\/request\/","og_locale":"zh_CN","og_type":"article","og_title":"Formulaires de demande","og_description":"Expatman est une plateforme cr\u00e9\u00e9e pour aider les ressortissants \u00e9trangers souhaitant venir en RDC \u00e0 des fins de travail \u00e0 obtenir des perm...","og_url":"https:\/\/www.expatman.uk\/zh\/request\/","og_site_name":"Expatman - Site Web Officiel","article_publisher":"https:\/\/web.facebook.com\/expatmancd","article_modified_time":"2023-05-21T11:14:39+00:00","twitter_card":"summary_large_image","twitter_site":"@Expatmancd","twitter_misc":{"\u9884\u8ba1\u9605\u8bfb\u65f6\u95f4":"1 \u5206"},"schema":{"@context":"https:\/\/schema.org","@graph":[{"@type":"WebPage","@id":"https:\/\/www.expatman.uk\/en\/request\/","url":"https:\/\/www.expatman.uk\/en\/request\/","name":"Formulaires de demande","isPartOf":{"@id":"https:\/\/www.expatman.uk\/#website"},"datePublished":"2023-05-21T07:53:43+00:00","dateModified":"2023-05-21T11:14:39+00:00","description":"Expatman est une plateforme cr\u00e9\u00e9e pour aider les ressortissants \u00e9trangers souhaitant venir en RDC \u00e0 des fins de travail \u00e0 obtenir des perm...","breadcrumb":{"@id":"https:\/\/www.expatman.uk\/en\/request\/#breadcrumb"},"inLanguage":"zh-Hans","potentialAction":[{"@type":"ReadAction","target":["https:\/\/www.expatman.uk\/en\/request\/"]}]},{"@type":"BreadcrumbList","@id":"https:\/\/www.expatman.uk\/en\/request\/#breadcrumb","itemListElement":[{"@type":"ListItem","position":1,"name":"Accueil","item":"https:\/\/www.expatman.uk\/"},{"@type":"ListItem","position":2,"name":"Formulaires de demande"}]},{"@type":"WebSite","@id":"https:\/\/www.expatman.uk\/#website","url":"https:\/\/www.expatman.uk\/","name":"Expatman - Site Web Officiel","description":"Pr\u00e9cision, Honn\u00eatet\u00e9 et Rapidit\u00e9","publisher":{"@id":"https:\/\/www.expatman.uk\/#organization"},"potentialAction":[{"@type":"SearchAction","target":{"@type":"EntryPoint","urlTemplate":"https:\/\/www.expatman.uk\/?s={search_term_string}"},"query-input":{"@type":"PropertyValueSpecification","valueRequired":true,"valueName":"search_term_string"}}],"inLanguage":"zh-Hans"},{"@type":"Organization","@id":"https:\/\/www.expatman.uk\/#organization","name":"EXPATMAN - Site Web Officiel","url":"https:\/\/www.expatman.uk\/","logo":{"@type":"ImageObject","inLanguage":"zh-Hans","@id":"https:\/\/www.expatman.uk\/#\/schema\/logo\/image\/","url":"https:\/\/uz8afbgilo.preview.infomaniak.website\/wp-content\/uploads\/2022\/03\/logo-light-final-expatman-01.png","contentUrl":"https:\/\/uz8afbgilo.preview.infomaniak.website\/wp-content\/uploads\/2022\/03\/logo-light-final-expatman-01.png","width":550,"height":175,"caption":"EXPATMAN - Site Web Officiel"},"image":{"@id":"https:\/\/www.expatman.uk\/#\/schema\/logo\/image\/"},"sameAs":["https:\/\/web.facebook.com\/expatmancd","https:\/\/x.com\/Expatmancd","https:\/\/www.instagram.com\/expatmancd\/","https:\/\/www.linkedin.com\/in\/expatmancd\/","https:\/\/www.youtube.com\/channel\/UCfZ_b5b4YciCbmlS_5MBE0A"]}]}},"_links":{"self":[{"href":"https:\/\/www.expatman.uk\/zh\/wp-json\/wp\/v2\/pages\/7488","targetHints":{"allow":["GET"]}}],"collection":[{"href":"https:\/\/www.expatman.uk\/zh\/wp-json\/wp\/v2\/pages"}],"about":[{"href":"https:\/\/www.expatman.uk\/zh\/wp-json\/wp\/v2\/types\/page"}],"author":[{"embeddable":true,"href":"https:\/\/www.expatman.uk\/zh\/wp-json\/wp\/v2\/users\/1"}],"replies":[{"embeddable":true,"href":"https:\/\/www.expatman.uk\/zh\/wp-json\/wp\/v2\/comments?post=7488"}],"version-history":[{"count":0,"href":"https:\/\/www.expatman.uk\/zh\/wp-json\/wp\/v2\/pages\/7488\/revisions"}],"wp:attachment":[{"href":"https:\/\/www.expatman.uk\/zh\/wp-json\/wp\/v2\/media?parent=7488"}],"curies":[{"name":"wp","href":"https:\/\/api.w.org\/{rel}","templated":true}]}}