{"id":6885,"date":"2022-04-04T21:18:26","date_gmt":"2022-04-04T19:18:26","guid":{"rendered":"https:\/\/www.expatman.cd\/?page_id=6885"},"modified":"2024-01-26T14:41:19","modified_gmt":"2024-01-26T13:41:19","slug":"conditions-generales-politique-de-confidentialite","status":"publish","type":"page","link":"https:\/\/www.expatman.uk\/zh\/\u4e00\u822c\u6761\u4ef6-\u9690\u79c1\u653f\u7b56\/","title":{"rendered":"\u9690\u79c1\u653f\u7b56\u53ca\u4e00\u822c\u6761\u6b3e\u548c\u6761\u4ef6"},"content":{"rendered":"<p style=\"text-align: justify;\"><span style=\"color: #0000ff;\"><strong>I.Expatman S.A.R.L.U \u9690\u79c1\u653f\u7b56<\/strong><\/span><\/p>\n<p style=\"text-align: justify;\"><strong>1.\u5bfc\u8a00<\/strong><\/p>\n<p style=\"text-align: justify;\">\u6b22\u8fce\u6765\u5230 Expatman\uff0c\u8fd9\u662f\u4e00\u4e2a\u4e13\u95e8\u4e3a\u5728\u521a\u679c\u6c11\u4e3b\u5171\u548c\u56fd\u7684\u5916\u56fd\u4eba\u63d0\u4f9b\u884c\u653f\u624b\u7eed\u4fbf\u5229\u7684\u5e73\u53f0\u3002\u4fdd\u62a4\u60a8\u7684\u4e2a\u4eba\u6570\u636e\u5bf9\u6211\u4eec\u6765\u8bf4\u81f3\u5173\u91cd\u8981\u3002\u672c\u9690\u79c1\u653f\u7b56\u65e8\u5728\u544a\u77e5\u60a8\uff0c\u5f53\u60a8\u4f7f\u7528\u6211\u4eec\u7684\u7f51\u7ad9 www.expatman.us \u548c\u6211\u4eec\u7684\u670d\u52a1\u65f6\uff0c\u6211\u4eec\u5c06\u5982\u4f55\u6536\u96c6\u3001\u4f7f\u7528\u548c\u5171\u4eab\u60a8\u7684\u4fe1\u606f\u3002<\/p>\n<p style=\"text-align: justify;\"><strong>2.\u4fe1\u606f\u6536\u96c6<\/strong><\/p>\n<p style=\"text-align: justify;\">\u5f53\u60a8\u4f7f\u7528\u6211\u4eec\u7684\u7f51\u7ad9\u548c\u670d\u52a1\u65f6\uff0c\u6211\u4eec\u4f1a\u6536\u96c6\u60a8\u7684\u76f8\u5173\u4fe1\u606f\uff0c\u5305\u62ec \uff1a<\/p>\n<ul style=\"text-align: justify;\">\n<li>\u4e2a\u4eba\u8eab\u4efd\u4fe1\u606f\uff08\u59d3\u540d\u3001\u7535\u5b50\u90ae\u4ef6\u5730\u5740\u3001\u7535\u8bdd\u53f7\u7801\uff09\u3002<\/li>\n<li>\u6cd5\u5f8b\u6587\u4ef6\u7684\u8be6\u7ec6\u4fe1\u606f\uff08\u62a4\u7167\u3001\u7b7e\u8bc1\u3001\u5de5\u4f5c\u8bb8\u53ef\u8bc1\uff09\u3002<\/li>\n<li>\u5904\u7406\u670d\u52a1\u7684\u4ed8\u6b3e\u4fe1\u606f\u3002<\/li>\n<\/ul>\n<p style=\"text-align: justify;\"><strong>3.\u4fe1\u606f\u7684\u4f7f\u7528<\/strong><\/p>\n<p style=\"text-align: justify;\">\u60a8\u7684\u4fe1\u606f\u7528\u4e8e \uff1a<\/p>\n<ul style=\"text-align: justify;\">\n<li>\u5904\u7406\u60a8\u7684\u7b7e\u8bc1\u3001\u5de5\u4f5c\u8bb8\u53ef\u548c\u5176\u4ed6\u884c\u653f\u6587\u4ef6\u7533\u8bf7\u3002<\/li>\n<li>\u4e0e\u60a8\u6c9f\u901a\u60a8\u7684\u7533\u8bf7\u8fdb\u5c55\u60c5\u51b5\u3002<\/li>\n<li>\u6539\u8fdb\u6211\u4eec\u7684\u670d\u52a1\u548c\u754c\u9762\u3002<\/li>\n<li>\u786e\u4fdd\u5728\u521a\u679c\u6c11\u4e3b\u5171\u548c\u56fd\u7684\u5916\u56fd\u516c\u53f8\u9075\u7eaa\u5b88\u6cd5\u3002<\/li>\n<li>\u53d1\u9001\u53d1\u7968\u5e76\u7ba1\u7406\u5ba2\u6237\u8d26\u6237\u3002<\/li>\n<\/ul>\n<p style=\"text-align: justify;\"><strong>4.\u5171\u4eab\u4fe1\u606f<\/strong><\/p>\n<p style=\"text-align: justify;\">\u6211\u4eec\u53ea\u4e0e\u4ee5\u4e0b\u65b9\u9762\u5171\u4eab\u60a8\u7684\u4e2a\u4eba\u4fe1\u606f\uff1a.....\uff1a<\/p>\n<ul style=\"text-align: justify;\">\n<li>\u8d1f\u8d23\u5904\u7406\u60a8\u7684\u884c\u653f\u6587\u4ef6\u7684\u673a\u6784\u3002<\/li>\n<li>\u534f\u52a9\u6211\u4eec\u8fd0\u8425\u7f51\u7ad9\u3001\u5f00\u5c55\u4e1a\u52a1\u6216\u4e3a\u60a8\u63d0\u4f9b\u670d\u52a1\u7684\u53ef\u4fe1\u7b2c\u4e09\u65b9\uff0c\u53ea\u8981\u8fd9\u4e9b\u7b2c\u4e09\u65b9\u540c\u610f\u5bf9\u8fd9\u4e9b\u4fe1\u606f\u4fdd\u5bc6\u3002<\/li>\n<li>\u51fa\u4e8e\u5408\u89c4\u6216\u57f9\u8bad\u76ee\u7684\u7684\u5408\u4f5c\u4f19\u4f34\u3002<\/li>\n<\/ul>\n<p style=\"text-align: justify;\"><strong>5.\u6570\u636e\u5b89\u5168<\/strong><\/p>\n<p style=\"text-align: justify;\">\u6211\u4eec\u91c7\u53d6\u5404\u79cd\u5b89\u5168\u63aa\u65bd\u6765\u7ef4\u62a4\u60a8\u4e2a\u4eba\u4fe1\u606f\u7684\u5b89\u5168\u3002\u4f46\u662f\uff0c\u901a\u8fc7\u4e92\u8054\u7f51\u4f20\u8f93\u4fe1\u606f\u6c38\u8fdc\u4e0d\u53ef\u80fd\u5b8c\u5168\u5b89\u5168\uff0c\u6211\u4eec\u65e0\u6cd5\u4fdd\u8bc1\u60a8\u7684\u6570\u636e\u5b8c\u5168\u5b89\u5168\u3002<\/p>\n<p style=\"text-align: justify;\"><strong>6.\u8bbf\u95ee\u548c\u63a7\u5236\u60a8\u7684\u4fe1\u606f<\/strong><\/p>\n<p style=\"text-align: justify;\">\u60a8\u6709\u6743\u8981\u6c42\u67e5\u9605\u3001\u66f4\u6b63\u6216\u5220\u9664\u60a8\u7684\u4e2a\u4eba\u8d44\u6599\u3002\u5982\u9700\u4e86\u89e3\u60a8\u7684\u4fe1\u606f\uff0c\u8bf7\u8054\u7cfb\u6211\u4eec\u3002<\/p>\n<p style=\"text-align: justify;\"><strong>7.\u9690\u79c1\u653f\u7b56\u7684\u53d8\u66f4<\/strong><\/p>\n<p style=\"text-align: justify;\">\u6211\u4eec\u4fdd\u7559\u968f\u65f6\u4fee\u6539\u672c\u653f\u7b56\u7684\u6743\u5229\u3002\u4fee\u6539\u5185\u5bb9\u5c06\u5728\u6211\u4eec\u7684\u7f51\u7ad9\u4e0a\u516c\u5e03\u3002<\/p>\n<p style=\"text-align: justify;\"><strong>8.\u8054\u7cfb\u65b9\u5f0f<\/strong><\/p>\n<p style=\"text-align: justify;\">\u5982\u679c\u60a8\u5bf9\u672c\u653f\u7b56\u6709\u4efb\u4f55\u7591\u95ee\uff0c\u8bf7\u901a\u8fc7\u4ee5\u4e0b\u65b9\u5f0f\u8054\u7cfb\u6211\u4eec <a href=\"mailto:contact@expatman.us\">contact@expatman.us<\/a>.<\/p>\n<p style=\"text-align: justify;\">\u672c\u9690\u79c1\u653f\u7b56\u81ea 2024 \u5e74 1 \u6708 26 \u65e5\u8d77\u751f\u6548\u3002<\/p>\n<p>&#8212;&#8212;&#8212;&#8212;&#8212;&#8212;&#8212;&#8212;&#8212;&#8212;&#8212;&#8212;&#8212;&#8212;&#8212;&#8212;&#8212;&#8212;&#8212;&#8212;&#8212;&#8212;&#8212;&#8212;&#8212;&#8212;&#8212;&#8212;&#8212;&#8212;&#8212;&#8212;&#8212;&#8212;&#8212;&#8212;&#8212;&#8212;<\/p>\n<p style=\"text-align: justify;\"><span style=\"color: #0000ff;\"><strong>II.Expatman S.A.R.L.U \u7684\u4e00\u822c\u4f7f\u7528\u6761\u6b3e\u548c\u6761\u4ef6\uff08GTCU\uff09<\/strong><\/span><\/p>\n<p style=\"text-align: justify;\"><strong>1.\u63a5\u53d7\u6761\u4ef6<\/strong><\/p>\n<p style=\"text-align: justify;\">\u8bbf\u95ee\u548c\u4f7f\u7528\u672c\u7f51\u7ad9 <a href=\"https:\/\/uz8afbgilo.preview.infomaniak.website\" target=\"_blank\" rel=\"noopener\">https:\/\/uz8afbgilo.preview.infomaniak.website<\/a>\u5982\u679c\u60a8\u4e0d\u63a5\u53d7\u8fd9\u4e9b\u6761\u6b3e\u548c\u6761\u4ef6\uff0c\u5219\u540c\u610f\u53d7\u5176\u7ea6\u675f\u3002\u5982\u679c\u60a8\u4e0d\u63a5\u53d7\u8fd9\u4e9b\u6761\u4ef6\uff0c\u5219\u4e0d\u5f97\u4f7f\u7528\u672c\u7f51\u7ad9\u6216\u6211\u4eec\u7684\u670d\u52a1\u3002<\/p>\n<p style=\"text-align: justify;\"><strong>2.\u670d\u52a1\u7684\u4f7f\u7528<\/strong><\/p>\n<p style=\"text-align: justify;\">Expatman \u63d0\u4f9b\u4e00\u4e2a\u7f51\u7edc\u548c\u79fb\u52a8\u5e73\u53f0\uff0c\u65b9\u4fbf\u7528\u6237\u5728\u521a\u679c\u6c11\u4e3b\u5171\u548c\u56fd\u83b7\u53d6\u7b7e\u8bc1\u3001\u5de5\u4f5c\u8bb8\u53ef\u548c\u5176\u4ed6\u884c\u653f\u6587\u4ef6\u3002\u7528\u6237\u540c\u610f\u4e3a\u5904\u7406\u5176\u7533\u8bf7\u63d0\u4f9b\u51c6\u786e\u7684\u6700\u65b0\u4fe1\u606f\u3002<\/p>\n<p style=\"text-align: justify;\"><strong>3.\u7528\u6237\u7684\u8d23\u4efb<\/strong><\/p>\n<p style=\"text-align: justify;\">\u7528\u6237\u5bf9\u5176\u8d26\u6237\u548c\u4e2a\u4eba\u4fe1\u606f\u7684\u5b89\u5168\u8d1f\u8d23\u3002\u7528\u6237\u6709\u8d23\u4efb\u9075\u5b88\u73b0\u884c\u6cd5\u5f8b\u6cd5\u89c4\u3002<\/p>\n<p style=\"text-align: justify;\"><strong>4.\u77e5\u8bc6\u4ea7\u6743<\/strong><\/p>\n<p style=\"text-align: justify;\">\u672c\u7f51\u7ad9\u7684\u5185\u5bb9\uff0c\u5305\u62ec\u6587\u672c\u3001\u56fe\u5f62\u548c\u6807\u8bc6\uff0c\u5747\u4e3a Expatman \u7684\u8d22\u4ea7\uff0c\u53d7\u77e5\u8bc6\u4ea7\u6743\u6cd5\u4fdd\u62a4\u3002<\/p>\n<p style=\"text-align: justify;\"><strong>5.\u8d23\u4efb\u9650\u5236<\/strong><\/p>\n<p style=\"text-align: justify;\">Expatman \u4e0d\u5bf9\u56e0\u7528\u6237\u63d0\u4f9b\u7684\u9519\u8bef\u4fe1\u606f\u6216\u6211\u4eec\u65e0\u6cd5\u63a7\u5236\u7684\u5916\u90e8\u56e0\u7d20\u9020\u6210\u7684\u6587\u4ef6\u5904\u7406\u5ef6\u8bef\u6216\u9519\u8bef\u8d1f\u8d23\u3002<\/p>\n<p style=\"text-align: justify;\"><strong>6.\u4fee\u6539\u901a\u7528\u6280\u672f\u63a7\u5236\u80a1<\/strong><\/p>\n<p style=\"text-align: justify;\">Expatman \u4fdd\u7559\u968f\u65f6\u4fee\u6539\u672c GTC \u7684\u6743\u5229\u3002\u4fee\u6539\u5185\u5bb9\u5728\u7f51\u7ad9\u4e0a\u516c\u5e03\u540e\u7acb\u5373\u751f\u6548\u3002<\/p>\n<p style=\"text-align: justify;\"><strong>7.\u8054\u7cfb\u65b9\u5f0f<\/strong><\/p>\n<p style=\"text-align: justify;\">\u5982\u679c\u60a8\u5bf9\u672c\u6761\u6b3e\u4e0e\u7ec6\u5219\u6216\u9690\u79c1\u653f\u7b56\u6709\u4efb\u4f55\u7591\u95ee\uff0c\u8bf7\u901a\u8fc7\u4ee5\u4e0b\u65b9\u5f0f\u8054\u7cfb\u6211\u4eec <a href=\"mailto:contact@expatman.us\">contact@expatman.us<\/a>.<\/p>\n<p style=\"text-align: justify;\">\u672c\u6761\u6b3e\u548c\u6761\u4ef6\u4ee5\u53ca\u9690\u79c1\u653f\u7b56\u81ea 2024 \u5e74 1 \u6708 26 \u65e5\u8d77\u751f\u6548\u3002<\/p>","protected":false},"excerpt":{"rendered":"<p>I. Politique de Confidentialit\u00e9 d\u2019Expatman S.A.R.L.U 1. Introduction Bienvenue sur Expatman, la plateforme d\u00e9di\u00e9e \u00e0 faciliter les d\u00e9marches administratives pour les \u00e9trangers en R\u00e9publique D\u00e9mocratique du Congo. La protection de vos donn\u00e9es personnelles est primordiale pour nous. Cette politique de confidentialit\u00e9 vise \u00e0 vous informer sur la mani\u00e8re dont vos informations sont collect\u00e9es, utilis\u00e9es, et &hellip; <a href=\"https:\/\/www.expatman.uk\/zh\/\u4e00\u822c\u6761\u4ef6-\u9690\u79c1\u653f\u7b56\/\" class=\"more-link\">\u7ee7\u7eed\u9605\u8bfb <span class=\"screen-reader-text\">\u9690\u79c1\u653f\u7b56\u53ca\u4e00\u822c\u6761\u6b3e\u548c\u6761\u4ef6<\/span><\/a><\/p>","protected":false},"author":1,"featured_media":0,"parent":0,"menu_order":0,"comment_status":"closed","ping_status":"closed","template":"","meta":{"footnotes":""},"class_list":["post-6885","page","type-page","status-publish","hentry"],"yoast_head":"<!-- This site is optimized with the Yoast SEO plugin v24.1 - https:\/\/yoast.com\/wordpress\/plugins\/seo\/ -->\n<title>Politique de confidentialit\u00e9 et conditions g\u00e9n\u00e9rales - Expatman - Site Web Officiel<\/title>\n<meta name=\"description\" content=\"Les pr\u00e9sentes Conditions G\u00e9n\u00e9rales ont pour objet de d\u00e9finir les relations entre la soci\u00e9t\u00e9 Expatman et les utilisateurs des services et p...\" \/>\n<meta name=\"robots\" content=\"index, follow, max-snippet:-1, max-image-preview:large, max-video-preview:-1\" \/>\n<link rel=\"canonical\" href=\"https:\/\/www.expatman.uk\/zh\/\u4e00\u822c\u6761\u4ef6-\u9690\u79c1\u653f\u7b56\/\" \/>\n<meta property=\"og:locale\" content=\"zh_CN\" \/>\n<meta property=\"og:type\" content=\"article\" \/>\n<meta property=\"og:title\" content=\"Politique de confidentialit\u00e9 et conditions g\u00e9n\u00e9rales - Expatman - Site Web Officiel\" \/>\n<meta property=\"og:description\" content=\"Les pr\u00e9sentes Conditions G\u00e9n\u00e9rales ont pour objet de d\u00e9finir les relations entre la soci\u00e9t\u00e9 Expatman et les utilisateurs des services et p...\" \/>\n<meta property=\"og:url\" content=\"https:\/\/www.expatman.uk\/zh\/\u4e00\u822c\u6761\u4ef6-\u9690\u79c1\u653f\u7b56\/\" \/>\n<meta property=\"og:site_name\" content=\"Expatman - Site Web Officiel\" \/>\n<meta property=\"article:publisher\" content=\"https:\/\/web.facebook.com\/expatmancd\" \/>\n<meta property=\"article:modified_time\" content=\"2024-01-26T13:41:19+00:00\" \/>\n<meta name=\"twitter:card\" content=\"summary_large_image\" \/>\n<meta name=\"twitter:site\" content=\"@Expatmancd\" \/>\n<meta name=\"twitter:label1\" content=\"\u9884\u8ba1\u9605\u8bfb\u65f6\u95f4\" \/>\n\t<meta name=\"twitter:data1\" content=\"4 \u5206\" \/>\n<script type=\"application\/ld+json\" class=\"yoast-schema-graph\">{\"@context\":\"https:\/\/schema.org\",\"@graph\":[{\"@type\":\"WebPage\",\"@id\":\"https:\/\/www.expatman.uk\/conditions-generales-politique-de-confidentialite\/\",\"url\":\"https:\/\/www.expatman.uk\/conditions-generales-politique-de-confidentialite\/\",\"name\":\"Politique de confidentialit\u00e9 et conditions g\u00e9n\u00e9rales - Expatman - Site Web Officiel\",\"isPartOf\":{\"@id\":\"https:\/\/www.expatman.uk\/#website\"},\"datePublished\":\"2022-04-04T19:18:26+00:00\",\"dateModified\":\"2024-01-26T13:41:19+00:00\",\"description\":\"Les pr\u00e9sentes Conditions G\u00e9n\u00e9rales ont pour objet de d\u00e9finir les relations entre la soci\u00e9t\u00e9 Expatman et les utilisateurs des services et p...\",\"breadcrumb\":{\"@id\":\"https:\/\/www.expatman.uk\/conditions-generales-politique-de-confidentialite\/#breadcrumb\"},\"inLanguage\":\"zh-Hans\",\"potentialAction\":[{\"@type\":\"ReadAction\",\"target\":[\"https:\/\/www.expatman.uk\/conditions-generales-politique-de-confidentialite\/\"]}]},{\"@type\":\"BreadcrumbList\",\"@id\":\"https:\/\/www.expatman.uk\/conditions-generales-politique-de-confidentialite\/#breadcrumb\",\"itemListElement\":[{\"@type\":\"ListItem\",\"position\":1,\"name\":\"Accueil\",\"item\":\"https:\/\/www.expatman.uk\/\"},{\"@type\":\"ListItem\",\"position\":2,\"name\":\"Politique de confidentialit\u00e9 et conditions g\u00e9n\u00e9rales\"}]},{\"@type\":\"WebSite\",\"@id\":\"https:\/\/www.expatman.uk\/#website\",\"url\":\"https:\/\/www.expatman.uk\/\",\"name\":\"Expatman - Site Web Officiel\",\"description\":\"Pr\u00e9cision, Honn\u00eatet\u00e9 et Rapidit\u00e9\",\"publisher\":{\"@id\":\"https:\/\/www.expatman.uk\/#organization\"},\"potentialAction\":[{\"@type\":\"SearchAction\",\"target\":{\"@type\":\"EntryPoint\",\"urlTemplate\":\"https:\/\/www.expatman.uk\/?s={search_term_string}\"},\"query-input\":{\"@type\":\"PropertyValueSpecification\",\"valueRequired\":true,\"valueName\":\"search_term_string\"}}],\"inLanguage\":\"zh-Hans\"},{\"@type\":\"Organization\",\"@id\":\"https:\/\/www.expatman.uk\/#organization\",\"name\":\"EXPATMAN - Site Web Officiel\",\"url\":\"https:\/\/www.expatman.uk\/\",\"logo\":{\"@type\":\"ImageObject\",\"inLanguage\":\"zh-Hans\",\"@id\":\"https:\/\/www.expatman.uk\/#\/schema\/logo\/image\/\",\"url\":\"https:\/\/uz8afbgilo.preview.infomaniak.website\/wp-content\/uploads\/2022\/03\/logo-light-final-expatman-01.png\",\"contentUrl\":\"https:\/\/uz8afbgilo.preview.infomaniak.website\/wp-content\/uploads\/2022\/03\/logo-light-final-expatman-01.png\",\"width\":550,\"height\":175,\"caption\":\"EXPATMAN - Site Web Officiel\"},\"image\":{\"@id\":\"https:\/\/www.expatman.uk\/#\/schema\/logo\/image\/\"},\"sameAs\":[\"https:\/\/web.facebook.com\/expatmancd\",\"https:\/\/x.com\/Expatmancd\",\"https:\/\/www.instagram.com\/expatmancd\/\",\"https:\/\/www.linkedin.com\/in\/expatmancd\/\",\"https:\/\/www.youtube.com\/channel\/UCfZ_b5b4YciCbmlS_5MBE0A\"]}]}<\/script>\n<!-- \/ Yoast SEO plugin. -->","yoast_head_json":{"title":"Politique de confidentialit\u00e9 et conditions g\u00e9n\u00e9rales - Expatman - Site Web Officiel","description":"Les pr\u00e9sentes Conditions G\u00e9n\u00e9rales ont pour objet de d\u00e9finir les relations entre la soci\u00e9t\u00e9 Expatman et les utilisateurs des services et p...","robots":{"index":"index","follow":"follow","max-snippet":"max-snippet:-1","max-image-preview":"max-image-preview:large","max-video-preview":"max-video-preview:-1"},"canonical":"https:\/\/www.expatman.uk\/zh\/\u4e00\u822c\u6761\u4ef6-\u9690\u79c1\u653f\u7b56\/","og_locale":"zh_CN","og_type":"article","og_title":"Politique de confidentialit\u00e9 et conditions g\u00e9n\u00e9rales - Expatman - Site Web Officiel","og_description":"Les pr\u00e9sentes Conditions G\u00e9n\u00e9rales ont pour objet de d\u00e9finir les relations entre la soci\u00e9t\u00e9 Expatman et les utilisateurs des services et p...","og_url":"https:\/\/www.expatman.uk\/zh\/\u4e00\u822c\u6761\u4ef6-\u9690\u79c1\u653f\u7b56\/","og_site_name":"Expatman - Site Web Officiel","article_publisher":"https:\/\/web.facebook.com\/expatmancd","article_modified_time":"2024-01-26T13:41:19+00:00","twitter_card":"summary_large_image","twitter_site":"@Expatmancd","twitter_misc":{"\u9884\u8ba1\u9605\u8bfb\u65f6\u95f4":"4 \u5206"},"schema":{"@context":"https:\/\/schema.org","@graph":[{"@type":"WebPage","@id":"https:\/\/www.expatman.uk\/conditions-generales-politique-de-confidentialite\/","url":"https:\/\/www.expatman.uk\/conditions-generales-politique-de-confidentialite\/","name":"Politique de confidentialit\u00e9 et conditions g\u00e9n\u00e9rales - Expatman - Site Web Officiel","isPartOf":{"@id":"https:\/\/www.expatman.uk\/#website"},"datePublished":"2022-04-04T19:18:26+00:00","dateModified":"2024-01-26T13:41:19+00:00","description":"Les pr\u00e9sentes Conditions G\u00e9n\u00e9rales ont pour objet de d\u00e9finir les relations entre la soci\u00e9t\u00e9 Expatman et les utilisateurs des services et p...","breadcrumb":{"@id":"https:\/\/www.expatman.uk\/conditions-generales-politique-de-confidentialite\/#breadcrumb"},"inLanguage":"zh-Hans","potentialAction":[{"@type":"ReadAction","target":["https:\/\/www.expatman.uk\/conditions-generales-politique-de-confidentialite\/"]}]},{"@type":"BreadcrumbList","@id":"https:\/\/www.expatman.uk\/conditions-generales-politique-de-confidentialite\/#breadcrumb","itemListElement":[{"@type":"ListItem","position":1,"name":"Accueil","item":"https:\/\/www.expatman.uk\/"},{"@type":"ListItem","position":2,"name":"Politique de confidentialit\u00e9 et conditions g\u00e9n\u00e9rales"}]},{"@type":"WebSite","@id":"https:\/\/www.expatman.uk\/#website","url":"https:\/\/www.expatman.uk\/","name":"Expatman - Site Web Officiel","description":"Pr\u00e9cision, Honn\u00eatet\u00e9 et Rapidit\u00e9","publisher":{"@id":"https:\/\/www.expatman.uk\/#organization"},"potentialAction":[{"@type":"SearchAction","target":{"@type":"EntryPoint","urlTemplate":"https:\/\/www.expatman.uk\/?s={search_term_string}"},"query-input":{"@type":"PropertyValueSpecification","valueRequired":true,"valueName":"search_term_string"}}],"inLanguage":"zh-Hans"},{"@type":"Organization","@id":"https:\/\/www.expatman.uk\/#organization","name":"EXPATMAN - Site Web Officiel","url":"https:\/\/www.expatman.uk\/","logo":{"@type":"ImageObject","inLanguage":"zh-Hans","@id":"https:\/\/www.expatman.uk\/#\/schema\/logo\/image\/","url":"https:\/\/uz8afbgilo.preview.infomaniak.website\/wp-content\/uploads\/2022\/03\/logo-light-final-expatman-01.png","contentUrl":"https:\/\/uz8afbgilo.preview.infomaniak.website\/wp-content\/uploads\/2022\/03\/logo-light-final-expatman-01.png","width":550,"height":175,"caption":"EXPATMAN - Site Web Officiel"},"image":{"@id":"https:\/\/www.expatman.uk\/#\/schema\/logo\/image\/"},"sameAs":["https:\/\/web.facebook.com\/expatmancd","https:\/\/x.com\/Expatmancd","https:\/\/www.instagram.com\/expatmancd\/","https:\/\/www.linkedin.com\/in\/expatmancd\/","https:\/\/www.youtube.com\/channel\/UCfZ_b5b4YciCbmlS_5MBE0A"]}]}},"_links":{"self":[{"href":"https:\/\/www.expatman.uk\/zh\/wp-json\/wp\/v2\/pages\/6885","targetHints":{"allow":["GET"]}}],"collection":[{"href":"https:\/\/www.expatman.uk\/zh\/wp-json\/wp\/v2\/pages"}],"about":[{"href":"https:\/\/www.expatman.uk\/zh\/wp-json\/wp\/v2\/types\/page"}],"author":[{"embeddable":true,"href":"https:\/\/www.expatman.uk\/zh\/wp-json\/wp\/v2\/users\/1"}],"replies":[{"embeddable":true,"href":"https:\/\/www.expatman.uk\/zh\/wp-json\/wp\/v2\/comments?post=6885"}],"version-history":[{"count":3,"href":"https:\/\/www.expatman.uk\/zh\/wp-json\/wp\/v2\/pages\/6885\/revisions"}],"predecessor-version":[{"id":7768,"href":"https:\/\/www.expatman.uk\/zh\/wp-json\/wp\/v2\/pages\/6885\/revisions\/7768"}],"wp:attachment":[{"href":"https:\/\/www.expatman.uk\/zh\/wp-json\/wp\/v2\/media?parent=6885"}],"curies":[{"name":"wp","href":"https:\/\/api.w.org\/{rel}","templated":true}]}}