{"id":7456,"date":"2023-01-31T13:43:37","date_gmt":"2023-01-31T12:43:37","guid":{"rendered":"https:\/\/www.expatman.cd\/?page_id=7456"},"modified":"2023-01-31T13:43:37","modified_gmt":"2023-01-31T12:43:37","slug":"les-consulats-en-republique-democratique-du-congo","status":"publish","type":"page","link":"https:\/\/www.expatman.uk\/en\/consulates-in-the-democratic-republic-of-congo\/","title":{"rendered":"Consulates in the Democratic Republic of Congo"},"content":{"rendered":"<table id=\"tablepress-2\" class=\"tablepress tablepress-id-2\">\n<thead>\n<tr class=\"row-1\">\n\t<th class=\"column-1\">#<\/th><th class=\"column-2\">Consulates<\/th><th class=\"column-3\">Address<\/th><th class=\"column-4\">Phone<\/th><th class=\"column-5\">Website and E-mail<\/th><th class=\"column-6\">Opening hours<\/th><th class=\"column-7\">Head of Mission<\/th><th class=\"column-8\">Consular services <\/th><th class=\"column-9\">Competent embassy<\/th>\n<\/tr>\n<\/thead>\n<tbody class=\"row-striping row-hover\">\n<tr class=\"row-2\">\n\t<td class=\"column-1\">1<\/td><td class=\"column-2\">Consulate General of South Africa in Lubumbashi, Democratic Republic of Congo<\/td><td class=\"column-3\">2875 Lumumba Avenue<br \/>\nLubumbashi, Katanga<br \/>\nCongo, Democratic Republic of the<\/td><td class=\"column-4\">(+243) 81 700 5291 \/ 2<\/td><td class=\"column-5\">E-mails: makwabew@dirco.gov.za and<br \/>\nnkosib@dirco.gov.za<\/td><td class=\"column-6\">No information available   <\/td><td class=\"column-7\">Mr N. Mashimbye, Consul General<\/td><td class=\"column-8\">No information available   <\/td><td class=\"column-9\">South African Embassy in Kinshasa<\/td>\n<\/tr>\n<tr class=\"row-3\">\n\t<td class=\"column-1\">2<\/td><td class=\"column-2\">German Consulate in Bukavu, Democratic Republic of Congo<\/td><td class=\"column-3\">Avenue Masikita 9<br \/>\nBukavu<br \/>\nCongo, Democratic Republic of the<\/td><td class=\"column-4\">(+243) 998 67 00 33<\/td><td class=\"column-5\">bukavu@hk-diplo.de<\/td><td class=\"column-6\">By appointment only<\/td><td class=\"column-7\">Michael Gebbers, Honorary Consul<\/td><td class=\"column-8\">No information available   <\/td><td class=\"column-9\">German Embassy in Kinshasa<\/td>\n<\/tr>\n<tr class=\"row-4\">\n\t<td class=\"column-1\">3<\/td><td class=\"column-2\">German Consulate in Lubumbashi, Democratic Republic of Congo<\/td><td class=\"column-3\">1223 Avenue Lumumba<br \/>\nLubumbashi<br \/>\nCongo, Democratic Republic of the<\/td><td class=\"column-4\">(+243) 998 99 66 77<\/td><td class=\"column-5\">lubumbashi@hk-diplo.de<\/td><td class=\"column-6\">By appointment only<\/td><td class=\"column-7\">Marc Oliver Meisenberg, Honorary Consul<\/td><td class=\"column-8\">No information available   <\/td><td class=\"column-9\">German Embassy in Kinshasa<\/td>\n<\/tr>\n<tr class=\"row-5\">\n\t<td class=\"column-1\">4<\/td><td class=\"column-2\">Consulate General of Angola in Lubumbashi, Democratic Republic of Congo<\/td><td class=\"column-3\">Square Forest 12, Avenue Citoyen Mobutu<br \/>\nLubumbashi<br \/>\nCongo, Democratic Republic of the<\/td><td class=\"column-4\">(+243) 974 071 371<br \/>\n(+243) 816 775 856<\/td><td class=\"column-5\">E-mails: consuladogeral.katanga@mirex.gov.ao and<br \/>\nconsangolakatanga@voila.fr<\/td><td class=\"column-6\">No information available   <\/td><td class=\"column-7\">Ant\u00f3nio Serr\u00e3o Nunes, Consul General<\/td><td class=\"column-8\">No information available   <\/td><td class=\"column-9\">No information available   <\/td>\n<\/tr>\n<tr class=\"row-6\">\n\t<td class=\"column-1\">5<\/td><td class=\"column-2\">Consulate General of Angola in Moanda, Democratic Republic of Congo<\/td><td class=\"column-3\">Rua 2, Avenue General Olsem<br \/>\nCartier Ocean<br \/>\nP.O. BOX 32<br \/>\nMuanda<br \/>\nCongo, Democratic Republic of the<\/td><td class=\"column-4\">(+243) 999 911 766<\/td><td class=\"column-5\">pedereira1antonio1@gmail.com<\/td><td class=\"column-6\">No information available<\/td><td class=\"column-7\">No information available<\/td><td class=\"column-8\">No information available<\/td><td class=\"column-9\">No information available<\/td>\n<\/tr>\n<tr class=\"row-7\">\n\t<td class=\"column-1\">6<\/td><td class=\"column-2\">Consulate General of Angola in Moanda, Democratic Republic of Congo<\/td><td class=\"column-3\">Rua 2, Avenue General Olsem<br \/>\nCartier Ocean<br \/>\nP.O. BOX 32<br \/>\nMuanda<br \/>\nCongo, Democratic Republic of the<\/td><td class=\"column-4\">(+243) 999 911 766<\/td><td class=\"column-5\">pedereira1antonio1@gmail.com<\/td><td class=\"column-6\">No information available<\/td><td class=\"column-7\">No information available<\/td><td class=\"column-8\">No information available<\/td><td class=\"column-9\">No information available<\/td>\n<\/tr>\n<tr class=\"row-8\">\n\t<td class=\"column-1\">7<\/td><td class=\"column-2\">Belgian Consulate in Goma, Democratic Republic of Congo<\/td><td class=\"column-3\">c\/o TMB Building IHUSI<br \/>\nAvenue Vanny Bishweka<br \/>\nGoma<br \/>\nCongo, Democratic Republic of the<\/td><td class=\"column-4\">(+243) 99 375 61 11<br \/>\n(+243) 99 702 20 01<\/td><td class=\"column-5\">secretariat@diplobel-kivus.be and<br \/>\nrobert.levy@diplobel-kivus.be<\/td><td class=\"column-6\">By appointment only<\/td><td class=\"column-7\">Robert Levy, Honorary Consul<\/td><td class=\"column-8\">No information available  <\/td><td class=\"column-9\">Belgian Embassy in Kinshasa<\/td>\n<\/tr>\n<tr class=\"row-9\">\n\t<td class=\"column-1\">8<\/td><td class=\"column-2\">Bulgarian Consulate in Lubumbashi, Democratic Republic of Congo<\/td><td class=\"column-3\">Kabalo 351<br \/>\nLubumbashi, Katanga<br \/>\nCongo, Democratic Republic of the<\/td><td class=\"column-4\">(+243) 841 300 010 \/ 841 300 011<br \/>\n(+243) 879 008 000<\/td><td class=\"column-5\">consulat.bg.rdc@gmail.com<\/td><td class=\"column-6\">By appointment only<\/td><td class=\"column-7\">Theodora Genadieva Ignatova, Honorary Consul<\/td><td class=\"column-8\">No information available   <\/td><td class=\"column-9\">No information available   <\/td>\n<\/tr>\n<tr class=\"row-10\">\n\t<td class=\"column-1\">9<\/td><td class=\"column-2\">Danish Vice-Consulate in Lubumbashi, Democratic Republic of Congo<\/td><td class=\"column-3\">c\/o Amato Freres &amp; Cie<br \/>\n31 Route de La Munama<br \/>\nLubumbashi<br \/>\nCongo, Democratic Republic of the<\/td><td class=\"column-4\">(+243) 850 054 933<\/td><td class=\"column-5\">E-mails: jeatou@umgate.dk and<br \/>\njeanloup.touzard@gmail.com<br \/>\nWebsite: www.drcongo.um.dk<\/td><td class=\"column-6\">Monday - Friday: 08:00 - 12:00 and 14:00 - 17:00<\/td><td class=\"column-7\">Jean-Loup Touzard, Honorary Vice-Consul<\/td><td class=\"column-8\">No information available   <\/td><td class=\"column-9\">No information available   <\/td>\n<\/tr>\n<tr class=\"row-11\">\n\t<td class=\"column-1\">10<\/td><td class=\"column-2\">French Consulate in Bukavu, Democratic Republic of Congo<\/td><td class=\"column-3\">Bukavu<br \/>\nCongo, Democratic Republic of the<\/td><td class=\"column-4\">(+243) 81 737 48 20<br \/>\n(+243) 99 350 66 65<\/td><td class=\"column-5\">g.decandolle@gmail.com<\/td><td class=\"column-6\">By appointment only<\/td><td class=\"column-7\">Mr Ghislain De Candolle, Honorary Consul<\/td><td class=\"column-8\">No information available   <\/td><td class=\"column-9\">French Embassy in Kinshasa<\/td>\n<\/tr>\n<tr class=\"row-12\">\n\t<td class=\"column-1\">11<\/td><td class=\"column-2\">French Consulate in Lubumbashi, Democratic Republic of Congo<\/td><td class=\"column-3\">Groupe Forrest International S.A.S (GFI)<br \/>\n359 avenue Usoke<br \/>\nIndustrial district<br \/>\n1531 Lubumbashi<br \/>\nCongo, Democratic Republic of the<\/td><td class=\"column-4\">(+243) (0) 84 18 90 038<br \/>\n(+243) (0) 99 70 12 167<\/td><td class=\"column-5\">E-mails: dkiboko.gfi@forrestgroup.com or<br \/>\ndonatienkiboko@yahoo.fr<\/td><td class=\"column-6\">By appointment only<\/td><td class=\"column-7\">Mr David Malta Forrest, Honorary Consul<\/td><td class=\"column-8\">\uf0a7 NO visa processing<br \/>\n\uf0a7 Passport services available <br \/>\n\uf0a7 Legalisation<br \/>\n<\/td><td class=\"column-9\">French Embassy in Kinshasa<\/td>\n<\/tr>\n<tr class=\"row-13\">\n\t<td class=\"column-1\">12<\/td><td class=\"column-2\">Consulate of Gambia in Kinshasa, Democratic Republic of Congo<\/td><td class=\"column-3\">Kinshasa<br \/>\nCongo, Democratic Republic of the<\/td><td class=\"column-4\">(+243) 999 970 055<\/td><td class=\"column-5\">No information available<\/td><td class=\"column-6\">By appointment only<\/td><td class=\"column-7\">Mr Tunkara, Honorary Consul<\/td><td class=\"column-8\">No information available<\/td><td class=\"column-9\">No information available<\/td>\n<\/tr>\n<tr class=\"row-14\">\n\t<td class=\"column-1\">13<\/td><td class=\"column-2\">Greek Consulate in Kisangani, Democratic Republic of Congo<\/td><td class=\"column-3\">4 Okito Street<br \/>\nB. P. 457<br \/>\nKisangani<br \/>\nCongo, Democratic Republic of the<\/td><td class=\"column-4\">(+243) 81 699 943<\/td><td class=\"column-5\">gr.consulate.kisangani.rdc@gmail.com<\/td><td class=\"column-6\">By appointment only<\/td><td class=\"column-7\">Dimitrios Papadopoulos, Honorary Consul<\/td><td class=\"column-8\">No information available<\/td><td class=\"column-9\">Greek Embassy in Kinshasa<\/td>\n<\/tr>\n<tr class=\"row-15\">\n\t<td class=\"column-1\">14<\/td><td class=\"column-2\">Consulate General of Greece in Lubumbashi, Democratic Republic of Congo<\/td><td class=\"column-3\">30 Rue Juin 729<br \/>\nP.O. BOX 446<br \/>\nLubumbashi<br \/>\nCongo, Democratic Republic of the<\/td><td class=\"column-4\">(+243) 97 028 220<br \/>\n(+243) 97 028 078<\/td><td class=\"column-5\">consulatgrlubum@gmail.com<\/td><td class=\"column-6\">By appointment only<\/td><td class=\"column-7\">Mr Gerassimos Dounis, Honorary Consul General<\/td><td class=\"column-8\">No information available   <\/td><td class=\"column-9\">Greek Embassy in Kinshasa<\/td>\n<\/tr>\n<tr class=\"row-16\">\n\t<td class=\"column-1\">15<\/td><td class=\"column-2\">Israeli Consulate in Kinshasa, Democratic Republic of Congo<\/td><td class=\"column-3\">Crossroads of avenues Lt. Col. Lukusa et de la Mission<br \/>\nGombe<br \/>\nKinshasa<br \/>\nCongo, Democratic Republic of the<\/td><td class=\"column-4\">(+243) 818 107 742 \/ 999 983 814<br \/>\n(+243) 818 144 402<\/td><td class=\"column-5\">No information available<\/td><td class=\"column-6\">By appointment only<\/td><td class=\"column-7\">Aslan Piha, Honorary Consul<\/td><td class=\"column-8\">No information available<\/td><td class=\"column-9\">No information available<\/td>\n<\/tr>\n<tr class=\"row-17\">\n\t<td class=\"column-1\">16<\/td><td class=\"column-2\">Italian Consulate in Lubumbashi, Democratic Republic of Congo<\/td><td class=\"column-3\">10, Avenua Kigoma<br \/>\nIndustrial Estate<br \/>\nLubumbashi<br \/>\nCongo, Democratic Republic of the<\/td><td class=\"column-4\">(+243) (0) 891 653 264<\/td><td class=\"column-5\">lubumbashi.onorario@esteri.it<\/td><td class=\"column-6\">Monday - Friday: 09.00 - 12.00<\/td><td class=\"column-7\">Walter Noca, Honorary Consul<\/td><td class=\"column-8\">No information available<\/td><td class=\"column-9\">Italian Embassy in Kinshasa<\/td>\n<\/tr>\n<tr class=\"row-18\">\n\t<td class=\"column-1\">17<\/td><td class=\"column-2\">Consulate of Montenegro in Kinshasa, Democratic Republic of Congo<\/td><td class=\"column-3\">Kinshasa<br \/>\nCongo, Democratic Republic of the<\/td><td class=\"column-4\">No information available<\/td><td class=\"column-5\">No information available<\/td><td class=\"column-6\">By appointment only<\/td><td class=\"column-7\">Mr Ilir Husic, Honorary Consul<\/td><td class=\"column-8\">No information available<\/td><td class=\"column-9\">No information available<\/td>\n<\/tr>\n<tr class=\"row-19\">\n\t<td class=\"column-1\">18<\/td><td class=\"column-2\">Consulate of the Czech Republic in Kinshasa, Democratic Republic of Congo<\/td><td class=\"column-3\">Ave Kalemie no. 1<br \/>\nKinshasa - Gombe<br \/>\nCongo, Democratic Republic of the<\/td><td class=\"column-4\">(+243) 81 888 1000<br \/>\n(+243) 60 230 5161<\/td><td class=\"column-5\">E-mails: consulattcheque@gmail.com and<br \/>\nkinshasa@honorary.mzv.cz<\/td><td class=\"column-6\">By telephone appointment<\/td><td class=\"column-7\">Murtaza Rawji, Honorary Consul<\/td><td class=\"column-8\">No information available<\/td><td class=\"column-9\">No information available<\/td>\n<\/tr>\n<tr class=\"row-20\">\n\t<td class=\"column-1\">19<\/td><td class=\"column-2\">Consulate of San Marino in Kinshasa, Democratic Republic of Congo<\/td><td class=\"column-3\">Avenue Batetela, Apt. 24<br \/>\nKinshasa - Gombe<br \/>\nCongo, Democratic Republic of the<\/td><td class=\"column-4\">(+243) 81 992 9881<br \/>\n(+243) 81 486 0300<\/td><td class=\"column-5\">tvanni12@gmail.com<\/td><td class=\"column-6\">By appointment only<\/td><td class=\"column-7\">Tiziana Vanni, Honorary Consul<\/td><td class=\"column-8\">No information available   <\/td><td class=\"column-9\">No information available   <\/td>\n<\/tr>\n<tr class=\"row-21\">\n\t<td class=\"column-1\">20<\/td><td class=\"column-2\">Consulate of Sao Tome and Principe in Kinshasa, Democratic Republic of Congo<\/td><td class=\"column-3\">4887, Avenue de la Vall\u00e9<br \/>\nKinshasa<br \/>\nCongo, Democratic Republic of the<\/td><td class=\"column-4\">(+243) 99.401.71.47<\/td><td class=\"column-5\">E-mails: slusitano@gmail.com or<br \/>\nslusitano@saotome.cd<\/td><td class=\"column-6\">By appointment only<\/td><td class=\"column-7\">Mr Lusitano Saraiva, Honorary Consul<\/td><td class=\"column-8\">No information available   <\/td><td class=\"column-9\">No information available   <\/td>\n<\/tr>\n<tr class=\"row-22\">\n\t<td class=\"column-1\">21<\/td><td class=\"column-2\">Consulate General of Senegal in Kinshasa, Democratic Republic of Congo<\/td><td class=\"column-3\">4270 bis av. Du Progr\u00e8s, Barumbu<br \/>\nKinshasa<br \/>\nCongo, Democratic Republic of the<\/td><td class=\"column-4\">(+243) 999 993 101<\/td><td class=\"column-5\">No information available   <\/td><td class=\"column-6\">By appointment only<\/td><td class=\"column-7\">Rh\u00e9yane Sow Thimbo, Honorary Consul General<\/td><td class=\"column-8\">No information available   <\/td><td class=\"column-9\">Embassy of Senegal in Kinshasa<\/td>\n<\/tr>\n<tr class=\"row-23\">\n\t<td class=\"column-1\">22<\/td><td class=\"column-2\">Consulate General of Uruguay in Kinshasa, Democratic Republic of Congo<\/td><td class=\"column-3\">Boulevad du 30 Juin Ground floor<br \/>\nGaleries Du Centenaire<br \/>\nKinshasa<br \/>\nCongo, Democratic Republic of the<\/td><td class=\"column-4\">(+243) 813 330 221<\/td><td class=\"column-5\">edswiel@sis4invest.com<\/td><td class=\"column-6\">By appointment only<\/td><td class=\"column-7\">Edward Michael Swiel, Honorary Consul General<\/td><td class=\"column-8\">No information available<\/td><td class=\"column-9\">No information available<\/td>\n<\/tr>\n<tr class=\"row-24\">\n\t<td class=\"column-1\">23<\/td><td class=\"column-2\">Consulate General of Zambia in Lubumbashi, Democratic Republic of Congo<\/td><td class=\"column-3\">Corner Rume \/ Lufira<br \/>\nLubumbashi<br \/>\nCongo, Democratic Republic of the<\/td><td class=\"column-4\">(+243) 811 819 394<br \/>\n(+243) 23 42 264<\/td><td class=\"column-5\">zamconsgen@lub.jobantech.cd<\/td><td class=\"column-6\">No information available<\/td><td class=\"column-7\">No information available<\/td><td class=\"column-8\">No legalisation<\/td><td class=\"column-9\">No information available<\/td>\n<\/tr>\n<tr class=\"row-25\">\n\t<td class=\"column-1\">24<\/td><td class=\"column-2\">Consulate of Zimbabwe in Lubumbashi, Democratic Republic of Congo<\/td><td class=\"column-3\">2732, Avenue Kamanyola<br \/>\nLubumbashi<br \/>\nCongo, Democratic Republic of the<\/td><td class=\"column-4\">(+243) 991-402-002<br \/>\n(+243) 823-644-141<\/td><td class=\"column-5\">E-mails: zimlubumb42@gmail.com or<br \/>\nzimlubumbashi@zimfa.gov.zw<\/td><td class=\"column-6\">Monday - Friday: 09:00 - 16:00<\/td><td class=\"column-7\">No information available<\/td><td class=\"column-8\">No information available<\/td><td class=\"column-9\">No information available<\/td>\n<\/tr>\n<\/tbody>\n<\/table>\n<!-- #tablepress-2 from cache -->","protected":false},"excerpt":{"rendered":"","protected":false},"author":1,"featured_media":0,"parent":0,"menu_order":0,"comment_status":"closed","ping_status":"closed","template":"","meta":{"footnotes":""},"class_list":["post-7456","page","type-page","status-publish","hentry"],"yoast_head":"<!-- This site is optimized with the Yoast SEO plugin v24.1 - https:\/\/yoast.com\/wordpress\/plugins\/seo\/ -->\n<title>Les Consulats en R\u00e9publique D\u00e9mocratique du Congo<\/title>\n<meta name=\"description\" content=\"Expatman est une soci\u00e9t\u00e9 qui a \u00e9t\u00e9 cr\u00e9\u00e9e afin de r\u00e9pondre aux nombreuses probl\u00e9matiques rencontr\u00e9es par les soci\u00e9t\u00e9s et par les personnes...\" \/>\n<meta name=\"robots\" content=\"index, follow, max-snippet:-1, max-image-preview:large, max-video-preview:-1\" \/>\n<link rel=\"canonical\" href=\"https:\/\/www.expatman.uk\/en\/\u9a7b\u521a\u679c\u6c11\u4e3b\u5171\u548c\u56fd\u9886\u4e8b\u9986\/\" \/>\n<meta property=\"og:locale\" content=\"en_GB\" \/>\n<meta property=\"og:type\" content=\"article\" \/>\n<meta property=\"og:title\" content=\"Les Consulats en R\u00e9publique D\u00e9mocratique du Congo\" \/>\n<meta property=\"og:description\" content=\"Expatman est une soci\u00e9t\u00e9 qui a \u00e9t\u00e9 cr\u00e9\u00e9e afin de r\u00e9pondre aux nombreuses probl\u00e9matiques rencontr\u00e9es par les soci\u00e9t\u00e9s et par les personnes...\" \/>\n<meta property=\"og:url\" content=\"https:\/\/www.expatman.uk\/en\/\u9a7b\u521a\u679c\u6c11\u4e3b\u5171\u548c\u56fd\u9886\u4e8b\u9986\/\" \/>\n<meta property=\"og:site_name\" content=\"Expatman - Site Web Officiel\" \/>\n<meta property=\"article:publisher\" content=\"https:\/\/web.facebook.com\/expatmancd\" \/>\n<meta name=\"twitter:card\" content=\"summary_large_image\" \/>\n<meta name=\"twitter:site\" content=\"@Expatmancd\" \/>\n<meta name=\"twitter:label1\" content=\"Estimated reading time\" \/>\n\t<meta name=\"twitter:data1\" content=\"1 minute\" \/>\n<script type=\"application\/ld+json\" class=\"yoast-schema-graph\">{\"@context\":\"https:\/\/schema.org\",\"@graph\":[{\"@type\":\"WebPage\",\"@id\":\"https:\/\/www.expatman.uk\/zh\/\u9a7b\u521a\u679c\u6c11\u4e3b\u5171\u548c\u56fd\u9886\u4e8b\u9986\/\",\"url\":\"https:\/\/www.expatman.uk\/zh\/\u9a7b\u521a\u679c\u6c11\u4e3b\u5171\u548c\u56fd\u9886\u4e8b\u9986\/\",\"name\":\"Les Consulats en R\u00e9publique D\u00e9mocratique du Congo\",\"isPartOf\":{\"@id\":\"https:\/\/www.expatman.uk\/#website\"},\"datePublished\":\"2023-01-31T12:43:37+00:00\",\"dateModified\":\"2023-01-31T12:43:37+00:00\",\"description\":\"Expatman est une soci\u00e9t\u00e9 qui a \u00e9t\u00e9 cr\u00e9\u00e9e afin de r\u00e9pondre aux nombreuses probl\u00e9matiques rencontr\u00e9es par les soci\u00e9t\u00e9s et par les personnes...\",\"breadcrumb\":{\"@id\":\"https:\/\/www.expatman.uk\/zh\/\u9a7b\u521a\u679c\u6c11\u4e3b\u5171\u548c\u56fd\u9886\u4e8b\u9986\/#breadcrumb\"},\"inLanguage\":\"en-GB\",\"potentialAction\":[{\"@type\":\"ReadAction\",\"target\":[\"https:\/\/www.expatman.uk\/zh\/\u9a7b\u521a\u679c\u6c11\u4e3b\u5171\u548c\u56fd\u9886\u4e8b\u9986\/\"]}]},{\"@type\":\"BreadcrumbList\",\"@id\":\"https:\/\/www.expatman.uk\/zh\/\u9a7b\u521a\u679c\u6c11\u4e3b\u5171\u548c\u56fd\u9886\u4e8b\u9986\/#breadcrumb\",\"itemListElement\":[{\"@type\":\"ListItem\",\"position\":1,\"name\":\"Accueil\",\"item\":\"https:\/\/www.expatman.uk\/\"},{\"@type\":\"ListItem\",\"position\":2,\"name\":\"Les Consulats en R\u00e9publique D\u00e9mocratique du Congo\"}]},{\"@type\":\"WebSite\",\"@id\":\"https:\/\/www.expatman.uk\/#website\",\"url\":\"https:\/\/www.expatman.uk\/\",\"name\":\"Expatman - Site Web Officiel\",\"description\":\"Pr\u00e9cision, Honn\u00eatet\u00e9 et Rapidit\u00e9\",\"publisher\":{\"@id\":\"https:\/\/www.expatman.uk\/#organization\"},\"potentialAction\":[{\"@type\":\"SearchAction\",\"target\":{\"@type\":\"EntryPoint\",\"urlTemplate\":\"https:\/\/www.expatman.uk\/?s={search_term_string}\"},\"query-input\":{\"@type\":\"PropertyValueSpecification\",\"valueRequired\":true,\"valueName\":\"search_term_string\"}}],\"inLanguage\":\"en-GB\"},{\"@type\":\"Organization\",\"@id\":\"https:\/\/www.expatman.uk\/#organization\",\"name\":\"EXPATMAN - Site Web Officiel\",\"url\":\"https:\/\/www.expatman.uk\/\",\"logo\":{\"@type\":\"ImageObject\",\"inLanguage\":\"en-GB\",\"@id\":\"https:\/\/www.expatman.uk\/#\/schema\/logo\/image\/\",\"url\":\"https:\/\/uz8afbgilo.preview.infomaniak.website\/wp-content\/uploads\/2022\/03\/logo-light-final-expatman-01.png\",\"contentUrl\":\"https:\/\/uz8afbgilo.preview.infomaniak.website\/wp-content\/uploads\/2022\/03\/logo-light-final-expatman-01.png\",\"width\":550,\"height\":175,\"caption\":\"EXPATMAN - Site Web Officiel\"},\"image\":{\"@id\":\"https:\/\/www.expatman.uk\/#\/schema\/logo\/image\/\"},\"sameAs\":[\"https:\/\/web.facebook.com\/expatmancd\",\"https:\/\/x.com\/Expatmancd\",\"https:\/\/www.instagram.com\/expatmancd\/\",\"https:\/\/www.linkedin.com\/in\/expatmancd\/\",\"https:\/\/www.youtube.com\/channel\/UCfZ_b5b4YciCbmlS_5MBE0A\"]}]}<\/script>\n<!-- \/ Yoast SEO plugin. -->","yoast_head_json":{"title":"Les Consulats en R\u00e9publique D\u00e9mocratique du Congo","description":"Expatman est une soci\u00e9t\u00e9 qui a \u00e9t\u00e9 cr\u00e9\u00e9e afin de r\u00e9pondre aux nombreuses probl\u00e9matiques rencontr\u00e9es par les soci\u00e9t\u00e9s et par les personnes...","robots":{"index":"index","follow":"follow","max-snippet":"max-snippet:-1","max-image-preview":"max-image-preview:large","max-video-preview":"max-video-preview:-1"},"canonical":"https:\/\/www.expatman.uk\/en\/\u9a7b\u521a\u679c\u6c11\u4e3b\u5171\u548c\u56fd\u9886\u4e8b\u9986\/","og_locale":"en_GB","og_type":"article","og_title":"Les Consulats en R\u00e9publique D\u00e9mocratique du Congo","og_description":"Expatman est une soci\u00e9t\u00e9 qui a \u00e9t\u00e9 cr\u00e9\u00e9e afin de r\u00e9pondre aux nombreuses probl\u00e9matiques rencontr\u00e9es par les soci\u00e9t\u00e9s et par les personnes...","og_url":"https:\/\/www.expatman.uk\/en\/\u9a7b\u521a\u679c\u6c11\u4e3b\u5171\u548c\u56fd\u9886\u4e8b\u9986\/","og_site_name":"Expatman - Site Web Officiel","article_publisher":"https:\/\/web.facebook.com\/expatmancd","twitter_card":"summary_large_image","twitter_site":"@Expatmancd","twitter_misc":{"Estimated reading time":"1 minute"},"schema":{"@context":"https:\/\/schema.org","@graph":[{"@type":"WebPage","@id":"https:\/\/www.expatman.uk\/zh\/\u9a7b\u521a\u679c\u6c11\u4e3b\u5171\u548c\u56fd\u9886\u4e8b\u9986\/","url":"https:\/\/www.expatman.uk\/zh\/\u9a7b\u521a\u679c\u6c11\u4e3b\u5171\u548c\u56fd\u9886\u4e8b\u9986\/","name":"Les Consulats en R\u00e9publique D\u00e9mocratique du Congo","isPartOf":{"@id":"https:\/\/www.expatman.uk\/#website"},"datePublished":"2023-01-31T12:43:37+00:00","dateModified":"2023-01-31T12:43:37+00:00","description":"Expatman est une soci\u00e9t\u00e9 qui a \u00e9t\u00e9 cr\u00e9\u00e9e afin de r\u00e9pondre aux nombreuses probl\u00e9matiques rencontr\u00e9es par les soci\u00e9t\u00e9s et par les personnes...","breadcrumb":{"@id":"https:\/\/www.expatman.uk\/zh\/\u9a7b\u521a\u679c\u6c11\u4e3b\u5171\u548c\u56fd\u9886\u4e8b\u9986\/#breadcrumb"},"inLanguage":"en-GB","potentialAction":[{"@type":"ReadAction","target":["https:\/\/www.expatman.uk\/zh\/\u9a7b\u521a\u679c\u6c11\u4e3b\u5171\u548c\u56fd\u9886\u4e8b\u9986\/"]}]},{"@type":"BreadcrumbList","@id":"https:\/\/www.expatman.uk\/zh\/\u9a7b\u521a\u679c\u6c11\u4e3b\u5171\u548c\u56fd\u9886\u4e8b\u9986\/#breadcrumb","itemListElement":[{"@type":"ListItem","position":1,"name":"Accueil","item":"https:\/\/www.expatman.uk\/"},{"@type":"ListItem","position":2,"name":"Les Consulats en R\u00e9publique D\u00e9mocratique du Congo"}]},{"@type":"WebSite","@id":"https:\/\/www.expatman.uk\/#website","url":"https:\/\/www.expatman.uk\/","name":"Expatman - Site Web Officiel","description":"Pr\u00e9cision, Honn\u00eatet\u00e9 et Rapidit\u00e9","publisher":{"@id":"https:\/\/www.expatman.uk\/#organization"},"potentialAction":[{"@type":"SearchAction","target":{"@type":"EntryPoint","urlTemplate":"https:\/\/www.expatman.uk\/?s={search_term_string}"},"query-input":{"@type":"PropertyValueSpecification","valueRequired":true,"valueName":"search_term_string"}}],"inLanguage":"en-GB"},{"@type":"Organization","@id":"https:\/\/www.expatman.uk\/#organization","name":"EXPATMAN - Site Web Officiel","url":"https:\/\/www.expatman.uk\/","logo":{"@type":"ImageObject","inLanguage":"en-GB","@id":"https:\/\/www.expatman.uk\/#\/schema\/logo\/image\/","url":"https:\/\/uz8afbgilo.preview.infomaniak.website\/wp-content\/uploads\/2022\/03\/logo-light-final-expatman-01.png","contentUrl":"https:\/\/uz8afbgilo.preview.infomaniak.website\/wp-content\/uploads\/2022\/03\/logo-light-final-expatman-01.png","width":550,"height":175,"caption":"EXPATMAN - Site Web Officiel"},"image":{"@id":"https:\/\/www.expatman.uk\/#\/schema\/logo\/image\/"},"sameAs":["https:\/\/web.facebook.com\/expatmancd","https:\/\/x.com\/Expatmancd","https:\/\/www.instagram.com\/expatmancd\/","https:\/\/www.linkedin.com\/in\/expatmancd\/","https:\/\/www.youtube.com\/channel\/UCfZ_b5b4YciCbmlS_5MBE0A"]}]}},"_links":{"self":[{"href":"https:\/\/www.expatman.uk\/en\/wp-json\/wp\/v2\/pages\/7456","targetHints":{"allow":["GET"]}}],"collection":[{"href":"https:\/\/www.expatman.uk\/en\/wp-json\/wp\/v2\/pages"}],"about":[{"href":"https:\/\/www.expatman.uk\/en\/wp-json\/wp\/v2\/types\/page"}],"author":[{"embeddable":true,"href":"https:\/\/www.expatman.uk\/en\/wp-json\/wp\/v2\/users\/1"}],"replies":[{"embeddable":true,"href":"https:\/\/www.expatman.uk\/en\/wp-json\/wp\/v2\/comments?post=7456"}],"version-history":[{"count":0,"href":"https:\/\/www.expatman.uk\/en\/wp-json\/wp\/v2\/pages\/7456\/revisions"}],"wp:attachment":[{"href":"https:\/\/www.expatman.uk\/en\/wp-json\/wp\/v2\/media?parent=7456"}],"curies":[{"name":"wp","href":"https:\/\/api.w.org\/{rel}","templated":true}]}}