{"id":7448,"date":"2023-01-31T13:38:24","date_gmt":"2023-01-31T12:38:24","guid":{"rendered":"https:\/\/www.expatman.cd\/?page_id=7448"},"modified":"2023-01-31T13:38:24","modified_gmt":"2023-01-31T12:38:24","slug":"consulats-en-rdc","status":"publish","type":"page","link":"https:\/\/www.expatman.uk\/en\/consulates-in-drc\/","title":{"rendered":"Consulates of the Democratic Republic of Congo"},"content":{"rendered":"<table id=\"tablepress-5\" class=\"tablepress tablepress-id-5\">\n<thead>\n<tr class=\"row-1\">\n\t<th class=\"column-1\">#<\/th><th class=\"column-2\">Consulates<\/th><th class=\"column-3\">Address<\/th><th class=\"column-4\">Phone<\/th><th class=\"column-5\">Website and E-mail<\/th><th class=\"column-6\">Opening hours<\/th><th class=\"column-7\">Head of Mission<\/th><th class=\"column-8\">Consular services <\/th><th class=\"column-9\">Competent embassy<\/th>\n<\/tr>\n<\/thead>\n<tbody class=\"row-striping row-hover\">\n<tr class=\"row-2\">\n\t<td class=\"column-1\">1<\/td><td class=\"column-2\">Consulate General of the Democratic Republic of Congo in Bremen, Germany<\/td><td class=\"column-3\">Bornstrasse 16\/17<br \/>\n28195 Bremen<br \/>\nGermany<\/td><td class=\"column-4\">(+49) 421 1 58 20<\/td><td class=\"column-5\">No information available   <\/td><td class=\"column-6\">Monday - Friday: 09.00 - 12.00<\/td><td class=\"column-7\">Mr Ansgar Werner, Honorary Consul General<\/td><td class=\"column-8\">No information available   <\/td><td class=\"column-9\">Embassy of the Congo, Democratic Republic of the Congo in Berlin<\/td>\n<\/tr>\n<tr class=\"row-3\">\n\t<td class=\"column-1\">2<\/td><td class=\"column-2\">Consulate of the Democratic Republic of Congo in D\u00fcsseldorf, Germany<\/td><td class=\"column-3\">K\u00f6nigsallee 14<br \/>\n40212 D\u00fcsseldorf<br \/>\nGermany<\/td><td class=\"column-4\">(+49) 211 13 86 64 10<\/td><td class=\"column-5\">No information available   <\/td><td class=\"column-6\">Monday - Friday: 09:00 - 16:00<\/td><td class=\"column-7\">Mr Norbert Schorn, Honorary Consul<\/td><td class=\"column-8\">No information available   <\/td><td class=\"column-9\">Embassy of the Congo, Democratic Republic of the Congo in Berlin<\/td>\n<\/tr>\n<tr class=\"row-4\">\n\t<td class=\"column-1\">3<\/td><td class=\"column-2\">Consulate of the Democratic Republic of Congo in Leipzig, Germany<\/td><td class=\"column-3\">Volksgartenstrasse 39<br \/>\n04347 Leipzig<br \/>\nGermany<\/td><td class=\"column-4\">No information available   <\/td><td class=\"column-5\">E-mail: info@rdcongoconsulat-honoraire.com<br \/>\nWebsite: http:\/\/rdc-hgc.de\/<\/td><td class=\"column-6\">Monday - Friday: 10.00am - 12.00pm<\/td><td class=\"column-7\">Dr Gernot C. Wagner, Honorary Consul<\/td><td class=\"column-8\">No information available   <\/td><td class=\"column-9\">Embassy of the Congo, Democratic Republic of the Congo in Berlin<\/td>\n<\/tr>\n<tr class=\"row-5\">\n\t<td class=\"column-1\">4<\/td><td class=\"column-2\">Consulate General of the Democratic Republic of Congo in Cabinda, Angola<\/td><td class=\"column-3\">R Elias Garcia, S\/N<br \/>\nCabinda<br \/>\nAngola<\/td><td class=\"column-4\">(+244) 231 223 771<br \/>\n(+244) 231 227 170<\/td><td class=\"column-5\">No information available   <\/td><td class=\"column-6\">No information available   <\/td><td class=\"column-7\">No information available   <\/td><td class=\"column-8\">No information available   <\/td><td class=\"column-9\">Embassy of the Congo, Democratic Republic of the Congo in Luanda<\/td>\n<\/tr>\n<tr class=\"row-6\">\n\t<td class=\"column-1\">5<\/td><td class=\"column-2\">Consulate of the Democratic Republic of Congo in Luena, Angola<\/td><td class=\"column-3\">Luena<br \/>\nAngola<\/td><td class=\"column-4\">No information available   <\/td><td class=\"column-5\">No information available   <\/td><td class=\"column-6\">By appointment only<\/td><td class=\"column-7\">MULUMBA MVITA ALBERT, Honorary Consul<\/td><td class=\"column-8\">No information available   <\/td><td class=\"column-9\">Embassy of the Congo, Democratic Republic of the Congo in Luanda<\/td>\n<\/tr>\n<tr class=\"row-7\">\n\t<td class=\"column-1\">6<\/td><td class=\"column-2\">Consulate of the Democratic Republic of Congo in Buenos Aires, Argentina<\/td><td class=\"column-3\">Av. Caseros 4039<br \/>\n1263 Buenos Aires<br \/>\nArgentina<\/td><td class=\"column-4\">(+54) 11 4923 9923<\/td><td class=\"column-5\">No information available   <\/td><td class=\"column-6\">By appointment only<\/td><td class=\"column-7\">No information available   <\/td><td class=\"column-8\">No information available   <\/td><td class=\"column-9\">Embassy of the Congo, Democratic Republic of the Congo in Buenos Aires<\/td>\n<\/tr>\n<tr class=\"row-8\">\n\t<td class=\"column-1\">7<\/td><td class=\"column-2\">Consulate of the Democratic Republic of Congo in Vienna, Austria<\/td><td class=\"column-3\">Ignaz K\u00f6ck Stra\u00dfe 8<br \/>\n1210 Wien<br \/>\nAustria<\/td><td class=\"column-4\">(+43) (1) 211 66 10 630<\/td><td class=\"column-5\">No information available   <\/td><td class=\"column-6\">By appointment only<\/td><td class=\"column-7\">Ursula Simacek, Honorary Consul<\/td><td class=\"column-8\">No information available   <\/td><td class=\"column-9\">No information available   <\/td>\n<\/tr>\n<tr class=\"row-9\">\n\t<td class=\"column-1\">8<\/td><td class=\"column-2\">Consulate General of the Democratic Republic of Congo in Antwerp, Belgium<\/td><td class=\"column-3\">In the process of reopening<br \/>\nMaarschalk Gerardstraat 1<br \/>\n2000 Antwerp<br \/>\nBelgium<\/td><td class=\"column-4\">(+32) 3 260 09 20<\/td><td class=\"column-5\">No information available   <\/td><td class=\"column-6\">No information available   <\/td><td class=\"column-7\">Vacant, Consul General<\/td><td class=\"column-8\">No information available   <\/td><td class=\"column-9\">Embassy of the Democratic Republic of the Congo in Brussels<\/td>\n<\/tr>\n<tr class=\"row-10\">\n\t<td class=\"column-1\">9<\/td><td class=\"column-2\">Consulate of the Democratic Republic of Congo in Brcko, Bosnia-Herzegovina<\/td><td class=\"column-3\">Bulevar mira bb<br \/>\nBrcko Distrikt<br \/>\nBosnia-Herzegovina<\/td><td class=\"column-4\">(+387) (49) 232 800<br \/>\n(+387) (33) 239 039<\/td><td class=\"column-5\">hcdrcong@teol.net<\/td><td class=\"column-6\">Monday - Friday: 09:00 - 16:00<\/td><td class=\"column-7\">Mr Milorad Majkic, Honorary Consul<\/td><td class=\"column-8\">No information available   <\/td><td class=\"column-9\">No information available   <\/td>\n<\/tr>\n<tr class=\"row-11\">\n\t<td class=\"column-1\">10<\/td><td class=\"column-2\">Consulate of the Democratic Republic of Congo in Douala, Cameroon<\/td><td class=\"column-3\">Bonanjo<br \/>\nDouala<br \/>\nCameroon<\/td><td class=\"column-4\">consulhonorairerdc_dla@yahoo.fr<\/td><td class=\"column-5\">No information available   <\/td><td class=\"column-6\">By appointment only<\/td><td class=\"column-7\">Bertrand Fabo Njia, Honorary Consul<\/td><td class=\"column-8\">No information available   <\/td><td class=\"column-9\">Embassy of the Congo, Democratic Republic of the Congo in Yaound\u00e9<\/td>\n<\/tr>\n<tr class=\"row-12\">\n\t<td class=\"column-1\">11<\/td><td class=\"column-2\">Consulate of the Democratic Republic of Congo in Santiago, Chile<\/td><td class=\"column-3\">Brasilia N\u00b0 800, Oficina 801<br \/>\nLas Condes<br \/>\nSantiago<br \/>\nChile<\/td><td class=\"column-4\">(+56) 97 210 88 72<\/td><td class=\"column-5\">congo.chile@gmail.com<\/td><td class=\"column-6\">By appointment only<\/td><td class=\"column-7\">Gonzalo Beltran Repetto, Honorary Consul<\/td><td class=\"column-8\">No information available   <\/td><td class=\"column-9\">No information available   <\/td>\n<\/tr>\n<tr class=\"row-13\">\n\t<td class=\"column-1\">12<\/td><td class=\"column-2\">Consulate of the Democratic Republic of Congo in Kumasi, Ghana<\/td><td class=\"column-3\">House No. K\/TAA 144<br \/>\nP.O. Box ks 13421<br \/>\nAsafo-Kumasi<br \/>\nGhana<\/td><td class=\"column-4\">(+233) 20 329 7120<br \/>\n(+233) 26 336 9189 \/ 26 804 2379<\/td><td class=\"column-5\">consulrdccongokumasi@yahoo.fr<\/td><td class=\"column-6\">Monday - Friday: 08:00 - 17:00<\/td><td class=\"column-7\">Ngeleka Dimata, Honorary Consul<\/td><td class=\"column-8\">No information available   <\/td><td class=\"column-9\">No information available   <\/td>\n<\/tr>\n<tr class=\"row-14\">\n\t<td class=\"column-1\">13<\/td><td class=\"column-2\">Consulate of the Democratic Republic of Congo in Bata, Equatorial Guinea<\/td><td class=\"column-3\">Carretera del Aeropuerto de Bata<br \/>\nBata<br \/>\nEquatorial Guinea<\/td><td class=\"column-4\">No information available   <\/td><td class=\"column-5\">No information available   <\/td><td class=\"column-6\">By appointment only<\/td><td class=\"column-7\">No information available   <\/td><td class=\"column-8\">No information available   <\/td><td class=\"column-9\">No information available   <\/td>\n<\/tr>\n<tr class=\"row-15\">\n\t<td class=\"column-1\">14<\/td><td class=\"column-2\">Consulate of the Democratic Republic of Congo in Bombay, India<\/td><td class=\"column-3\">5B 34 Mittal Estate Andheri (East)<br \/>\nMumbai-400059<br \/>\nIndia<\/td><td class=\"column-4\">No information available   <\/td><td class=\"column-5\">ammeet@supremeaviation.com<\/td><td class=\"column-6\">By appointment only<\/td><td class=\"column-7\">Mr Ammeet Agarwal, Honorary Consul<\/td><td class=\"column-8\">NO visa processing  <\/td><td class=\"column-9\">Embassy of the Congo, Democratic Republic of the Congo in New Delhi<\/td>\n<\/tr>\n<tr class=\"row-16\">\n\t<td class=\"column-1\">15<\/td><td class=\"column-2\">Consulate of the Democratic Republic of Congo in Naples, Italy<\/td><td class=\"column-3\">Piazza Giovanni Bovio, 8 sc A<br \/>\n80133 Napoli<br \/>\nItaly<\/td><td class=\"column-4\">(+39) 081 186 38 430<\/td><td class=\"column-5\">consolatordc@angelomelone.it<\/td><td class=\"column-6\">By appointment only<\/td><td class=\"column-7\">Angelo Melone, Honorary Consul<\/td><td class=\"column-8\">No information available   <\/td><td class=\"column-9\">Embassy of the Congo, Democratic Republic of the<\/td>\n<\/tr>\n<tr class=\"row-17\">\n\t<td class=\"column-1\">16<\/td><td class=\"column-2\">Consulate of the Democratic Republic of Congo in Kobe, Japan<\/td><td class=\"column-3\">3-2-15, Nakajima-cho, Suma-ku<br \/>\nKobe-shi 654-0034<br \/>\nJapan<\/td><td class=\"column-4\">(+81) 78-736-5565<\/td><td class=\"column-5\">No information available   <\/td><td class=\"column-6\">By appointment only<\/td><td class=\"column-7\">Mr Wada Hiroji, Honorary Consul<\/td><td class=\"column-8\">No information available   <\/td><td class=\"column-9\">Embassy of the Democratic Republic of the Congo in Tokyo<\/td>\n<\/tr>\n<tr class=\"row-18\">\n\t<td class=\"column-1\">17<\/td><td class=\"column-2\">Consulate of the Democratic Republic of Congo in Beirut, Lebanon<\/td><td class=\"column-3\">Tele Liban Street, Facing Lycee Elysee<br \/>\nMount Lebanon<br \/>\nHazmiyeh<br \/>\nBeirut<br \/>\nLebanon<\/td><td class=\"column-4\">(+961) 5 95 25 47<\/td><td class=\"column-5\">E-mail: info@drcongoconsulate-lb.org<br \/>\nWebsite: https:\/\/drcongoconsulate-lb.org\/<\/td><td class=\"column-6\">No information available   <\/td><td class=\"column-7\">No information available   <\/td><td class=\"column-8\">\uf0a7 Visa application not accepted <br \/>\n\uf0a7 Legalisation <\/td><td class=\"column-9\">No information available   <\/td>\n<\/tr>\n<tr class=\"row-19\">\n\t<td class=\"column-1\">18<\/td><td class=\"column-2\">Consulate of the Democratic Republic of Congo in Kuala Lumpur, Malaysia<\/td><td class=\"column-3\">T3-9-3, 3 Towers<br \/>\n296 Jalan Ampang<br \/>\n55000 Kuala Lumpur<br \/>\nMalaysia<\/td><td class=\"column-4\">(+60) 3-2704 0146<\/td><td class=\"column-5\">drcongokl@gmail.com<\/td><td class=\"column-6\">Monday - Friday: 08:30 - 17:30<\/td><td class=\"column-7\">Liew Hoong, Honorary Consul<\/td><td class=\"column-8\">No information available   <\/td><td class=\"column-9\">No information available   <\/td>\n<\/tr>\n<tr class=\"row-20\">\n\t<td class=\"column-1\">19<\/td><td class=\"column-2\">Consulate of the Democratic Republic of Congo in Bar, Montenegro<\/td><td class=\"column-3\">Mar\u0161ala Tita 5<br \/>\n85000 Bar<br \/>\nMontenegro<\/td><td class=\"column-4\">(+382) 63 607 000<\/td><td class=\"column-5\">E-mails: konzulatkonga@t-com.me or<br \/>\ndragoljublekic@vitrogroup.co.me<\/td><td class=\"column-6\">By appointment only<\/td><td class=\"column-7\">Dragoljub Lekic, Honorary Consul<\/td><td class=\"column-8\">No information available   <\/td><td class=\"column-9\">No information available   <\/td>\n<\/tr>\n<tr class=\"row-21\">\n\t<td class=\"column-1\">20<\/td><td class=\"column-2\">Consulate of the Democratic Republic of Congo in Vila Real de Santo Ant\u00f3nio, Portugal<\/td><td class=\"column-3\">Av. da Rep\u00fablica, n\u00ba 6 - 2\u00ba B<br \/>\n8900-202 Vila Real de Santo Ant\u00f3nio<br \/>\nPortugal<\/td><td class=\"column-4\">(+351) 21 353 39 29<br \/>\n(+351) 21 096 67 14<\/td><td class=\"column-5\">No information available   <\/td><td class=\"column-6\">By appointment only<\/td><td class=\"column-7\">Mr Francisco Jos\u00e9 da Silva Celorico de Palma, Honorary Consul<\/td><td class=\"column-8\">No information available   <\/td><td class=\"column-9\">Embassy of the Congo, Democratic Republic of the Congo in Lisbon<\/td>\n<\/tr>\n<tr class=\"row-22\">\n\t<td class=\"column-1\">21<\/td><td class=\"column-2\">Consulate of the Democratic Republic of Congo in Birmingham, United Kingdom<\/td><td class=\"column-3\">71 Vyse Street<br \/>\nBirmingham B18 6EX<br \/>\nUnited Kingdom<\/td><td class=\"column-4\">(+44) 7404 897 263<\/td><td class=\"column-5\">frankluaba@gmail.com<\/td><td class=\"column-6\">By appointment only<\/td><td class=\"column-7\">Frank Tenday Luaba, Honorary Consul<\/td><td class=\"column-8\">No information available   <\/td><td class=\"column-9\">Embassy of the Congo, Democratic Republic of the Congo in London<\/td>\n<\/tr>\n<tr class=\"row-23\">\n\t<td class=\"column-1\">22<\/td><td class=\"column-2\">Consulate of the Democratic Republic of Congo in Ekaterinburg, Russia<\/td><td class=\"column-3\">178 Volgogradskay Street or<br \/>\n15 Gogolya ulitsa<br \/>\nYekaterinburg<br \/>\nRussia<\/td><td class=\"column-4\">(+7) (343) 231-13-50<br \/>\n(+7) (343) 377-63-38<\/td><td class=\"column-5\">No information available   <\/td><td class=\"column-6\">By appointment only<\/td><td class=\"column-7\">Sergey Gilvarg, Honorary Consul<\/td><td class=\"column-8\">No information available   <\/td><td class=\"column-9\">Embassy of the Democratic Republic of the Congo in Moscow<\/td>\n<\/tr>\n<tr class=\"row-24\">\n\t<td class=\"column-1\">23<\/td><td class=\"column-2\">Consulate of the Democratic Republic of Congo in Singapore<\/td><td class=\"column-3\">1 North Bridge Road<br \/>\n#B1-01 High Street Centre<br \/>\nSingapore 179094<br \/>\nSingapore<\/td><td class=\"column-4\">(+65) 6339 5449<\/td><td class=\"column-5\">E-mails: drcongo_consulate@yahoo.com.sg and <br \/>\nconsul_drcongo@yahoo.com.sg<\/td><td class=\"column-6\">Monday - Friday: 10.00 am - 5.30 pm<\/td><td class=\"column-7\">Mr Kishore Jethanand Daryanani, Honorary Consul<\/td><td class=\"column-8\">No information available   <\/td><td class=\"column-9\">Embassy of the Congo, Democratic Republic of the Congo in New Delhi<\/td>\n<\/tr>\n<tr class=\"row-25\">\n\t<td class=\"column-1\">24<\/td><td class=\"column-2\">Consulate of the Democratic Republic of Congo in Bratislava, Slovakia<\/td><td class=\"column-3\">Kucisdorfsk\u00e1 dolina 4<br \/>\n902 01 Pezinok<br \/>\nSlovakia<\/td><td class=\"column-4\">(+421) 903 797 070<\/td><td class=\"column-5\">janosik@privatinvest.sk<\/td><td class=\"column-6\">Monday, Tuesday, Thursday: 09:00 - 13:00<\/td><td class=\"column-7\">Mr Pavol J\u00e1nos\u00edk, Honorary Consul<\/td><td class=\"column-8\">No information available   <\/td><td class=\"column-9\">Embassy of the Congo, Democratic Republic of the Congo in Prague<\/td>\n<\/tr>\n<tr class=\"row-26\">\n\t<td class=\"column-1\">25<\/td><td class=\"column-2\">Consulate General of the Democratic Republic of Congo in Kigoma, Tanzania<\/td><td class=\"column-3\">Kigoma<br \/>\nTanzania<\/td><td class=\"column-4\">No information available   <\/td><td class=\"column-5\">No information available   <\/td><td class=\"column-6\">No information available   <\/td><td class=\"column-7\">No information available   <\/td><td class=\"column-8\">No information available   <\/td><td class=\"column-9\">Embassy of the Congo, Democratic Republic of the Congo in Dar-es-Salaam<\/td>\n<\/tr>\n<tr class=\"row-27\">\n\t<td class=\"column-1\">26<\/td><td class=\"column-2\">Consulate of the Democratic Republic of Congo in Moundou, Chad<\/td><td class=\"column-3\">Moundou<br \/>\nChad<\/td><td class=\"column-4\">(+235) 22 51 74 26<br \/>\n(+235) 66 29 51 22<\/td><td class=\"column-5\">alifamamar@yahoo.fr<\/td><td class=\"column-6\">By appointment only<\/td><td class=\"column-7\">Alifa Mamar Mahamat, Honorary Consul<\/td><td class=\"column-8\">No information available   <\/td><td class=\"column-9\">Embassy of the Congo, Democratic Republic of the Congo in N'Djam\u00e9na<\/td>\n<\/tr>\n<tr class=\"row-28\">\n\t<td class=\"column-1\">27<\/td><td class=\"column-2\">Consulate General of the Democratic Republic of Congo in Ndola, Zambia<\/td><td class=\"column-3\">Mpelembe House<br \/>\nBroadway Road<br \/>\n2M86+96M<br \/>\nNdola<br \/>\nZambia<\/td><td class=\"column-4\">(+260) (0) 212 614 247<\/td><td class=\"column-5\">No information available<\/td><td class=\"column-6\">No information available<\/td><td class=\"column-7\">No information available<\/td><td class=\"column-8\">No information available<\/td><td class=\"column-9\">No information available<\/td>\n<\/tr>\n<\/tbody>\n<\/table>\n<!-- #tablepress-5 from cache -->","protected":false},"excerpt":{"rendered":"","protected":false},"author":1,"featured_media":0,"parent":0,"menu_order":0,"comment_status":"closed","ping_status":"closed","template":"","meta":{"footnotes":""},"class_list":["post-7448","page","type-page","status-publish","hentry"],"yoast_head":"<!-- This site is optimized with the Yoast SEO plugin v24.1 - https:\/\/yoast.com\/wordpress\/plugins\/seo\/ -->\n<title>Consulats de la R\u00e9publique D\u00e9mocratique du Congo<\/title>\n<meta name=\"description\" content=\"Expatman est une soci\u00e9t\u00e9 qui a \u00e9t\u00e9 cr\u00e9\u00e9e afin de r\u00e9pondre aux nombreuses probl\u00e9matiques rencontr\u00e9es par les soci\u00e9t\u00e9s et par les personnes...\" \/>\n<meta name=\"robots\" content=\"index, follow, max-snippet:-1, max-image-preview:large, max-video-preview:-1\" \/>\n<link rel=\"canonical\" href=\"https:\/\/www.expatman.uk\/en\/consulates-in-drc\/\" \/>\n<meta property=\"og:locale\" content=\"en_GB\" \/>\n<meta property=\"og:type\" content=\"article\" \/>\n<meta property=\"og:title\" content=\"Consulats de la R\u00e9publique D\u00e9mocratique du Congo\" \/>\n<meta property=\"og:description\" content=\"Expatman est une soci\u00e9t\u00e9 qui a \u00e9t\u00e9 cr\u00e9\u00e9e afin de r\u00e9pondre aux nombreuses probl\u00e9matiques rencontr\u00e9es par les soci\u00e9t\u00e9s et par les personnes...\" \/>\n<meta property=\"og:url\" content=\"https:\/\/www.expatman.uk\/en\/consulates-in-drc\/\" \/>\n<meta property=\"og:site_name\" content=\"Expatman - Site Web Officiel\" \/>\n<meta property=\"article:publisher\" content=\"https:\/\/web.facebook.com\/expatmancd\" \/>\n<meta name=\"twitter:card\" content=\"summary_large_image\" \/>\n<meta name=\"twitter:site\" content=\"@Expatmancd\" \/>\n<meta name=\"twitter:label1\" content=\"Estimated reading time\" \/>\n\t<meta name=\"twitter:data1\" content=\"1 minute\" \/>\n<script type=\"application\/ld+json\" class=\"yoast-schema-graph\">{\"@context\":\"https:\/\/schema.org\",\"@graph\":[{\"@type\":\"WebPage\",\"@id\":\"https:\/\/www.expatman.uk\/en\/consulates-in-drc\/\",\"url\":\"https:\/\/www.expatman.uk\/en\/consulates-in-drc\/\",\"name\":\"Consulats de la R\u00e9publique D\u00e9mocratique du Congo\",\"isPartOf\":{\"@id\":\"https:\/\/www.expatman.uk\/#website\"},\"datePublished\":\"2023-01-31T12:38:24+00:00\",\"dateModified\":\"2023-01-31T12:38:24+00:00\",\"description\":\"Expatman est une soci\u00e9t\u00e9 qui a \u00e9t\u00e9 cr\u00e9\u00e9e afin de r\u00e9pondre aux nombreuses probl\u00e9matiques rencontr\u00e9es par les soci\u00e9t\u00e9s et par les personnes...\",\"breadcrumb\":{\"@id\":\"https:\/\/www.expatman.uk\/en\/consulates-in-drc\/#breadcrumb\"},\"inLanguage\":\"en-GB\",\"potentialAction\":[{\"@type\":\"ReadAction\",\"target\":[\"https:\/\/www.expatman.uk\/en\/consulates-in-drc\/\"]}]},{\"@type\":\"BreadcrumbList\",\"@id\":\"https:\/\/www.expatman.uk\/en\/consulates-in-drc\/#breadcrumb\",\"itemListElement\":[{\"@type\":\"ListItem\",\"position\":1,\"name\":\"Accueil\",\"item\":\"https:\/\/www.expatman.uk\/\"},{\"@type\":\"ListItem\",\"position\":2,\"name\":\"Consulats de la R\u00e9publique D\u00e9mocratique du Congo\"}]},{\"@type\":\"WebSite\",\"@id\":\"https:\/\/www.expatman.uk\/#website\",\"url\":\"https:\/\/www.expatman.uk\/\",\"name\":\"Expatman - Site Web Officiel\",\"description\":\"Pr\u00e9cision, Honn\u00eatet\u00e9 et Rapidit\u00e9\",\"publisher\":{\"@id\":\"https:\/\/www.expatman.uk\/#organization\"},\"potentialAction\":[{\"@type\":\"SearchAction\",\"target\":{\"@type\":\"EntryPoint\",\"urlTemplate\":\"https:\/\/www.expatman.uk\/?s={search_term_string}\"},\"query-input\":{\"@type\":\"PropertyValueSpecification\",\"valueRequired\":true,\"valueName\":\"search_term_string\"}}],\"inLanguage\":\"en-GB\"},{\"@type\":\"Organization\",\"@id\":\"https:\/\/www.expatman.uk\/#organization\",\"name\":\"EXPATMAN - Site Web Officiel\",\"url\":\"https:\/\/www.expatman.uk\/\",\"logo\":{\"@type\":\"ImageObject\",\"inLanguage\":\"en-GB\",\"@id\":\"https:\/\/www.expatman.uk\/#\/schema\/logo\/image\/\",\"url\":\"https:\/\/uz8afbgilo.preview.infomaniak.website\/wp-content\/uploads\/2022\/03\/logo-light-final-expatman-01.png\",\"contentUrl\":\"https:\/\/uz8afbgilo.preview.infomaniak.website\/wp-content\/uploads\/2022\/03\/logo-light-final-expatman-01.png\",\"width\":550,\"height\":175,\"caption\":\"EXPATMAN - Site Web Officiel\"},\"image\":{\"@id\":\"https:\/\/www.expatman.uk\/#\/schema\/logo\/image\/\"},\"sameAs\":[\"https:\/\/web.facebook.com\/expatmancd\",\"https:\/\/x.com\/Expatmancd\",\"https:\/\/www.instagram.com\/expatmancd\/\",\"https:\/\/www.linkedin.com\/in\/expatmancd\/\",\"https:\/\/www.youtube.com\/channel\/UCfZ_b5b4YciCbmlS_5MBE0A\"]}]}<\/script>\n<!-- \/ Yoast SEO plugin. -->","yoast_head_json":{"title":"Consulats de la R\u00e9publique D\u00e9mocratique du Congo","description":"Expatman est une soci\u00e9t\u00e9 qui a \u00e9t\u00e9 cr\u00e9\u00e9e afin de r\u00e9pondre aux nombreuses probl\u00e9matiques rencontr\u00e9es par les soci\u00e9t\u00e9s et par les personnes...","robots":{"index":"index","follow":"follow","max-snippet":"max-snippet:-1","max-image-preview":"max-image-preview:large","max-video-preview":"max-video-preview:-1"},"canonical":"https:\/\/www.expatman.uk\/en\/consulates-in-drc\/","og_locale":"en_GB","og_type":"article","og_title":"Consulats de la R\u00e9publique D\u00e9mocratique du Congo","og_description":"Expatman est une soci\u00e9t\u00e9 qui a \u00e9t\u00e9 cr\u00e9\u00e9e afin de r\u00e9pondre aux nombreuses probl\u00e9matiques rencontr\u00e9es par les soci\u00e9t\u00e9s et par les personnes...","og_url":"https:\/\/www.expatman.uk\/en\/consulates-in-drc\/","og_site_name":"Expatman - Site Web Officiel","article_publisher":"https:\/\/web.facebook.com\/expatmancd","twitter_card":"summary_large_image","twitter_site":"@Expatmancd","twitter_misc":{"Estimated reading time":"1 minute"},"schema":{"@context":"https:\/\/schema.org","@graph":[{"@type":"WebPage","@id":"https:\/\/www.expatman.uk\/en\/consulates-in-drc\/","url":"https:\/\/www.expatman.uk\/en\/consulates-in-drc\/","name":"Consulats de la R\u00e9publique D\u00e9mocratique du Congo","isPartOf":{"@id":"https:\/\/www.expatman.uk\/#website"},"datePublished":"2023-01-31T12:38:24+00:00","dateModified":"2023-01-31T12:38:24+00:00","description":"Expatman est une soci\u00e9t\u00e9 qui a \u00e9t\u00e9 cr\u00e9\u00e9e afin de r\u00e9pondre aux nombreuses probl\u00e9matiques rencontr\u00e9es par les soci\u00e9t\u00e9s et par les personnes...","breadcrumb":{"@id":"https:\/\/www.expatman.uk\/en\/consulates-in-drc\/#breadcrumb"},"inLanguage":"en-GB","potentialAction":[{"@type":"ReadAction","target":["https:\/\/www.expatman.uk\/en\/consulates-in-drc\/"]}]},{"@type":"BreadcrumbList","@id":"https:\/\/www.expatman.uk\/en\/consulates-in-drc\/#breadcrumb","itemListElement":[{"@type":"ListItem","position":1,"name":"Accueil","item":"https:\/\/www.expatman.uk\/"},{"@type":"ListItem","position":2,"name":"Consulats de la R\u00e9publique D\u00e9mocratique du Congo"}]},{"@type":"WebSite","@id":"https:\/\/www.expatman.uk\/#website","url":"https:\/\/www.expatman.uk\/","name":"Expatman - Site Web Officiel","description":"Pr\u00e9cision, Honn\u00eatet\u00e9 et Rapidit\u00e9","publisher":{"@id":"https:\/\/www.expatman.uk\/#organization"},"potentialAction":[{"@type":"SearchAction","target":{"@type":"EntryPoint","urlTemplate":"https:\/\/www.expatman.uk\/?s={search_term_string}"},"query-input":{"@type":"PropertyValueSpecification","valueRequired":true,"valueName":"search_term_string"}}],"inLanguage":"en-GB"},{"@type":"Organization","@id":"https:\/\/www.expatman.uk\/#organization","name":"EXPATMAN - Site Web Officiel","url":"https:\/\/www.expatman.uk\/","logo":{"@type":"ImageObject","inLanguage":"en-GB","@id":"https:\/\/www.expatman.uk\/#\/schema\/logo\/image\/","url":"https:\/\/uz8afbgilo.preview.infomaniak.website\/wp-content\/uploads\/2022\/03\/logo-light-final-expatman-01.png","contentUrl":"https:\/\/uz8afbgilo.preview.infomaniak.website\/wp-content\/uploads\/2022\/03\/logo-light-final-expatman-01.png","width":550,"height":175,"caption":"EXPATMAN - Site Web Officiel"},"image":{"@id":"https:\/\/www.expatman.uk\/#\/schema\/logo\/image\/"},"sameAs":["https:\/\/web.facebook.com\/expatmancd","https:\/\/x.com\/Expatmancd","https:\/\/www.instagram.com\/expatmancd\/","https:\/\/www.linkedin.com\/in\/expatmancd\/","https:\/\/www.youtube.com\/channel\/UCfZ_b5b4YciCbmlS_5MBE0A"]}]}},"_links":{"self":[{"href":"https:\/\/www.expatman.uk\/en\/wp-json\/wp\/v2\/pages\/7448","targetHints":{"allow":["GET"]}}],"collection":[{"href":"https:\/\/www.expatman.uk\/en\/wp-json\/wp\/v2\/pages"}],"about":[{"href":"https:\/\/www.expatman.uk\/en\/wp-json\/wp\/v2\/types\/page"}],"author":[{"embeddable":true,"href":"https:\/\/www.expatman.uk\/en\/wp-json\/wp\/v2\/users\/1"}],"replies":[{"embeddable":true,"href":"https:\/\/www.expatman.uk\/en\/wp-json\/wp\/v2\/comments?post=7448"}],"version-history":[{"count":0,"href":"https:\/\/www.expatman.uk\/en\/wp-json\/wp\/v2\/pages\/7448\/revisions"}],"wp:attachment":[{"href":"https:\/\/www.expatman.uk\/en\/wp-json\/wp\/v2\/media?parent=7448"}],"curies":[{"name":"wp","href":"https:\/\/api.w.org\/{rel}","templated":true}]}}